{"id":89,"date":"2025-09-21T19:42:44","date_gmt":"2025-09-21T19:42:44","guid":{"rendered":"https:\/\/alboradatixtla.com\/?page_id=89"},"modified":"2025-12-12T00:36:37","modified_gmt":"2025-12-12T00:36:37","slug":"nacional","status":"publish","type":"page","link":"https:\/\/alboradatixtla.com\/?page_id=89","title":{"rendered":"Nacional"},"content":{"rendered":"<div class=\"pvc_clear\"><\/div><p id=\"pvc_stats_89\" class=\"pvc_stats all  \" data-element-id=\"89\" style=\"\"><i class=\"pvc-stats-icon medium\" aria-hidden=\"true\"><svg xmlns=\"http:\/\/www.w3.org\/2000\/svg\" version=\"1.0\" viewBox=\"0 0 502 315\" preserveAspectRatio=\"xMidYMid meet\"><g transform=\"translate(0,332) scale(0.1,-0.1)\" fill=\"\" stroke=\"none\"><path d=\"M2394 3279 l-29 -30 -3 -207 c-2 -182 0 -211 15 -242 39 -76 157 -76 196 0 15 31 17 60 15 243 l-3 209 -33 29 c-26 23 -41 29 -80 29 -41 0 -53 -5 -78 -31z\"\/><path d=\"M3085 3251 c-45 -19 -58 -50 -96 -229 -47 -217 -49 -260 -13 -295 52 -53 146 -42 177 20 16 31 87 366 87 410 0 70 -86 122 -155 94z\"\/><path d=\"M1751 3234 c-13 -9 -29 -31 -37 -50 -12 -29 -10 -49 21 -204 19 -94 39 -189 45 -210 14 -50 54 -80 110 -80 34 0 48 6 76 34 21 21 34 44 34 59 0 14 -18 113 -40 219 -37 178 -43 195 -70 221 -36 32 -101 37 -139 11z\"\/><path d=\"M1163 3073 c-36 -7 -73 -59 -73 -102 0 -56 133 -378 171 -413 34 -32 83 -37 129 -13 70 36 67 87 -16 290 -86 209 -89 214 -129 231 -35 14 -42 15 -82 7z\"\/><path d=\"M3689 3066 c-15 -9 -33 -30 -42 -48 -48 -103 -147 -355 -147 -375 0 -98 131 -148 192 -74 13 15 57 108 97 206 80 196 84 226 37 273 -30 30 -99 39 -137 18z\"\/><path d=\"M583 2784 c-38 -19 -67 -74 -58 -113 9 -42 211 -354 242 -373 16 -10 45 -18 66 -18 51 0 107 52 107 100 0 39 -1 41 -124 234 -80 126 -108 162 -133 173 -41 17 -61 16 -100 -3z\"\/><path d=\"M4250 2784 c-14 -9 -74 -91 -133 -183 -95 -150 -107 -173 -107 -213 0 -55 33 -94 87 -104 67 -13 90 8 211 198 130 202 137 225 78 284 -27 27 -42 34 -72 34 -22 0 -50 -8 -64 -16z\"\/><path d=\"M2275 2693 c-553 -48 -1095 -270 -1585 -649 -135 -104 -459 -423 -483 -476 -23 -49 -22 -139 2 -186 73 -142 361 -457 571 -626 285 -228 642 -407 990 -497 242 -63 336 -73 660 -74 310 0 370 5 595 52 535 111 1045 392 1455 803 122 121 250 273 275 326 19 41 19 137 0 174 -41 79 -309 363 -465 492 -447 370 -946 591 -1479 653 -113 14 -422 18 -536 8z m395 -428 c171 -34 330 -124 456 -258 112 -119 167 -219 211 -378 27 -96 24 -300 -5 -401 -72 -255 -236 -447 -474 -557 -132 -62 -201 -76 -368 -76 -167 0 -236 14 -368 76 -213 98 -373 271 -451 485 -162 444 86 934 547 1084 153 49 292 57 452 25z m909 -232 c222 -123 408 -262 593 -441 76 -74 138 -139 138 -144 0 -16 -233 -242 -330 -319 -155 -123 -309 -223 -461 -299 l-81 -41 32 46 c18 26 49 83 70 128 143 306 141 649 -6 957 -25 52 -61 116 -79 142 l-34 47 45 -20 c26 -10 76 -36 113 -56z m-2057 25 c-40 -58 -105 -190 -130 -263 -110 -324 -59 -707 132 -981 25 -35 42 -64 37 -64 -19 0 -241 119 -326 174 -188 122 -406 314 -532 468 l-58 71 108 103 c185 178 428 349 672 473 66 33 121 60 123 61 2 0 -10 -19 -26 -42z\"\/><path d=\"M2375 1950 c-198 -44 -350 -190 -395 -379 -18 -76 -8 -221 19 -290 114 -284 457 -406 731 -260 98 52 188 154 231 260 27 69 37 214 19 290 -38 163 -166 304 -326 360 -67 23 -215 33 -279 19z\"\/><\/g><\/svg><\/i> <img loading=\"lazy\" decoding=\"async\" width=\"16\" height=\"16\" alt=\"Loading\" src=\"https:\/\/alboradatixtla.com\/wp-content\/plugins\/page-views-count\/ajax-loader-2x.gif\" border=0 \/><\/p><div class=\"pvc_clear\"><\/div><div id=\"3433848567\" class=\"castos-player dark-mode \" tabindex=\"0\" data-episode=\"89\" data-player_id=\"3433848567\">\n\t<div class=\"player\">\n\t\t<div class=\"player__main\">\n\t\t\t<div class=\"player__artwork player__artwork-89\">\n\t\t\t\t<img decoding=\"async\" src=\"https:\/\/alboradatixtla.com\/wp-content\/uploads\/2025\/09\/logo-radio-web-150x150.png\"\n\t\t\t\t\t alt=\"Radio Alborada Tixtla\"\n\t\t\t\t\t title=\"Radio Alborada Tixtla\">\n\t\t\t<\/div>\n\t\t\t<div class=\"player__body\">\n\t\t\t\t<div class=\"currently-playing\">\n\t\t\t\t\t<div class=\"show player__podcast-title\">\n\t\t\t\t\t\tRadio Alborada Tixtla\t\t\t\t\t<\/div>\n\t\t\t\t\t<div class=\"episode-title player__episode-title\">Nacional<\/div>\n\t\t\t\t<\/div>\n\t\t\t\t<div class=\"play-progress\">\n\t\t\t\t\t<div class=\"play-pause-controls\">\n\t\t\t\t\t\t<button title=\"Play\" aria-label=\"Play Episode\" aria-pressed=\"false\" class=\"play-btn\">\n\t\t\t\t\t\t\t<span class=\"screen-reader-text\">Play Episode<\/span>\n\t\t\t\t\t\t<\/button>\n\t\t\t\t\t\t<button title=\"Pause\" aria-label=\"Pause Episode\" aria-pressed=\"false\" class=\"pause-btn hide\">\n\t\t\t\t\t\t\t<span class=\"screen-reader-text\">Pause Episode<\/span>\n\t\t\t\t\t\t<\/button>\n\t\t\t\t\t\t<img decoding=\"async\" src=\"https:\/\/alboradatixtla.com\/wp-content\/plugins\/seriously-simple-podcasting\/assets\/css\/images\/player\/images\/icon-loader.svg\" alt=\"Loading\" class=\"ssp-loader hide\"\/>\n\t\t\t\t\t<\/div>\n\t\t\t\t\t<div>\n\t\t\t\t\t\t<audio preload=\"none\" class=\"clip clip-89\">\n\t\t\t\t\t\t\t<source src=\"https:\/\/stream.zeno.fm\/uufpewzmafjvv\">\n\t\t\t\t\t\t<\/audio>\n\t\t\t\t\t\t<div class=\"ssp-progress\" role=\"progressbar\" title=\"Seek\" aria-valuenow=\"0\" aria-valuemin=\"0\" aria-valuemax=\"0\">\n\t\t\t\t\t\t\t<span class=\"progress__filled\"><\/span>\n\t\t\t\t\t\t<\/div>\n\t\t\t\t\t\t<div class=\"ssp-playback playback\">\n\t\t\t\t\t\t\t<div class=\"playback__controls\">\n\t\t\t\t\t\t\t\t<button class=\"player-btn player-btn__volume\" title=\"Mute\/Unmute\">\n\t\t\t\t\t\t\t\t\t<span class=\"screen-reader-text\">Mute\/Unmute Episode<\/span>\n\t\t\t\t\t\t\t\t<\/button>\n\t\t\t\t\t\t\t\t<button data-skip=\"-10\" class=\"player-btn player-btn__rwd\" title=\"Rewind 10 seconds\">\n\t\t\t\t\t\t\t\t\t<span class=\"screen-reader-text\">Rewind 10 Seconds<\/span>\n\t\t\t\t\t\t\t\t<\/button>\n\t\t\t\t\t\t\t\t<button data-speed=\"1\" class=\"player-btn player-btn__speed\" title=\"Playback Speed\" aria-label=\"Playback Speed\">1x<\/button>\n\t\t\t\t\t\t\t\t<button data-skip=\"30\" class=\"player-btn player-btn__fwd\" title=\"Fast Forward 30 seconds\">\n\t\t\t\t\t\t\t\t\t<span class=\"screen-reader-text\">Fast Forward 30 seconds<\/span>\n\t\t\t\t\t\t\t\t<\/button>\n\t\t\t\t\t\t\t<\/div>\n\t\t\t\t\t\t\t<div class=\"playback__timers\">\n\t\t\t\t\t\t\t\t<time class=\"ssp-timer\">00:00<\/time>\n\t\t\t\t\t\t\t\t<span>\/<\/span>\n\t\t\t\t\t\t\t\t<!-- We need actual duration here from the server -->\n\t\t\t\t\t\t\t\t<time class=\"ssp-duration\" datetime=\"PT0H0M0S\"><\/time>\n\t\t\t\t\t\t\t<\/div>\n\t\t\t\t\t\t<\/div>\n\t\t\t\t\t<\/div>\n\t\t\t\t<\/div>\n\t\t\t\t\t\t\t\t\t<nav class=\"player-panels-nav\">\n\t\t\t\t\t\t\t\t\t\t\t\t\t<button class=\"subscribe-btn\" id=\"subscribe-btn-89\" title=\"Subscribe\">Subscribe<\/button>\n\t\t\t\t\t\t\t\t\t\t\t\t\t\t\t\t\t\t\t<button class=\"share-btn\" id=\"share-btn-89\" title=\"Share\">Share<\/button>\n\t\t\t\t\t\t\t\t\t\t\t<\/nav>\n\t\t\t\t\t\t\t<\/div>\n\t\t<\/div>\n\t<\/div>\n\t\t\t<div class=\"player-panels player-panels-89\">\n\t\t\t\t\t\t\t<div class=\"subscribe player-panel subscribe-89\">\n\t\t\t\t\t<div class=\"close-btn close-btn-89\">\n\t\t\t\t\t\t<span><\/span>\n\t\t\t\t\t\t<span><\/span>\n\t\t\t\t\t<\/div>\n\t\t\t\t\t<div class=\"panel__inner\">\n\t\t\t\t\t\t<div class=\"subscribe-icons\">\n\t\t\t\t\t\t\t\t\t\t\t\t\t\t\t\t\t\t\t\t\t\t\t\t\t\t\t\t<\/div>\n\t\t\t\t\t\t<div class=\"player-panel-row\" aria-label=\"RSS Feed URL\">\n\t\t\t\t\t\t\t<div class=\"title\">RSS Feed<\/div>\n\t\t\t\t\t\t\t<div>\n\t\t\t\t\t\t\t\t<input value=\"https:\/\/alboradatixtla.com\/?feed=podcast&amp;podcast_series=radio-alborada-tixtla\" class=\"input-rss input-rss-89\" title=\"RSS Feed URL\" readonly \/>\n\t\t\t\t\t\t\t<\/div>\n\t\t\t\t\t\t\t<button class=\"copy-rss copy-rss-89\" title=\"Copy RSS Feed URL\" aria-label=\"Copy RSS Feed URL\"><\/button>\n\t\t\t\t\t\t<\/div>\n\t\t\t\t\t<\/div>\n\t\t\t\t<\/div>\n\t\t\t\t\t\t\t\t\t\t<div class=\"share share-89 player-panel\">\n\t\t\t\t\t<div class=\"close-btn close-btn-89\">\n\t\t\t\t\t\t<span><\/span>\n\t\t\t\t\t\t<span><\/span>\n\t\t\t\t\t<\/div>\n\t\t\t\t\t<div class=\"player-panel-row\">\n\t\t\t\t\t\t<div class=\"title\">\n\t\t\t\t\t\t\tShare\t\t\t\t\t\t<\/div>\n\t\t\t\t\t\t<div class=\"icons-holder\">\n\t\t\t\t\t\t\t<a href=\"https:\/\/www.facebook.com\/sharer\/sharer.php?u=https:\/\/alboradatixtla.com\/?post_type=page&amp;p=89&#038;t=Nacional\"\n\t\t\t\t\t\t\t   target=\"_blank\" rel=\"noopener noreferrer\" class=\"share-icon facebook\" title=\"Share on Facebook\">\n\t\t\t\t\t\t\t\t<span><\/span>\n\t\t\t\t\t\t\t<\/a>\n\t\t\t\t\t\t\t<a href=\"https:\/\/twitter.com\/intent\/tweet?text=https:\/\/alboradatixtla.com\/?post_type=page&amp;p=89&#038;url=Nacional\"\n\t\t\t\t\t\t\t   target=\"_blank\" rel=\"noopener noreferrer\" class=\"share-icon twitter\" title=\"Share on Twitter\">\n\t\t\t\t\t\t\t\t<span><\/span>\n\t\t\t\t\t\t\t<\/a>\n\t\t\t\t\t\t\t<a href=\"https:\/\/stream.zeno.fm\/uufpewzmafjvv\"\n\t\t\t\t\t\t\t   target=\"_blank\" rel=\"noopener noreferrer\" class=\"share-icon download\" title=\"Download\" download>\n\t\t\t\t\t\t\t\t<span><\/span>\n\t\t\t\t\t\t\t<\/a>\n\t\t\t\t\t\t<\/div>\n\t\t\t\t\t<\/div>\n\t\t\t\t\t<div class=\"player-panel-row\">\n\t\t\t\t\t\t<div class=\"title\">\n\t\t\t\t\t\t\tLink\t\t\t\t\t\t<\/div>\n\t\t\t\t\t\t<div>\n\t\t\t\t\t\t\t<input value=\"https:\/\/alboradatixtla.com\/?post_type=page&#038;p=89\" class=\"input-link input-link-89\" title=\"Episode URL\" readonly \/>\n\t\t\t\t\t\t<\/div>\n\t\t\t\t\t\t<button class=\"copy-link copy-link-89\" title=\"Copy Episode URL\" aria-label=\"Copy Episode URL\" readonly=\"\"><\/button>\n\t\t\t\t\t<\/div>\n\t\t\t\t\t<div class=\"player-panel-row\">\n\t\t\t\t\t\t<div class=\"title\">\n\t\t\t\t\t\t\tEmbed\t\t\t\t\t\t<\/div>\n\t\t\t\t\t\t<div style=\"height: 10px;\">\n\t\t\t\t\t\t\t<input type=\"text\" value='&lt;blockquote class=&quot;wp-embedded-content&quot; data-secret=&quot;hXFUg3XNLK&quot;&gt;&lt;a href=&quot;https:\/\/alboradatixtla.com\/?page_id=89&quot;&gt;Nacional&lt;\/a&gt;&lt;\/blockquote&gt;&lt;iframe sandbox=&quot;allow-scripts&quot; security=&quot;restricted&quot; src=&quot;https:\/\/alboradatixtla.com\/?page_id=89&#038;embed=true#?secret=hXFUg3XNLK&quot; width=&quot;500&quot; height=&quot;350&quot; title=&quot;&#8220;Nacional&#8221; &#8212; Alborada Tixtla&quot; data-secret=&quot;hXFUg3XNLK&quot; frameborder=&quot;0&quot; marginwidth=&quot;0&quot; marginheight=&quot;0&quot; scrolling=&quot;no&quot; class=&quot;wp-embedded-content&quot;&gt;&lt;\/iframe&gt;&lt;script type=&quot;text\/javascript&quot;&gt;\n\/* &lt;![CDATA[ *\/\n\/*! This file is auto-generated *\/\n!function(d,l){&quot;use strict&quot;;l.querySelector&amp;&amp;d.addEventListener&amp;&amp;&quot;undefined&quot;!=typeof URL&amp;&amp;(d.wp=d.wp||{},d.wp.receiveEmbedMessage||(d.wp.receiveEmbedMessage=function(e){var t=e.data;if((t||t.secret||t.message||t.value)&amp;&amp;!\/[^a-zA-Z0-9]\/.test(t.secret)){for(var s,r,n,a=l.querySelectorAll(&#039;iframe[data-secret=&quot;&#039;+t.secret+&#039;&quot;]&#039;),o=l.querySelectorAll(&#039;blockquote[data-secret=&quot;&#039;+t.secret+&#039;&quot;]&#039;),c=new RegExp(&quot;^https?:$&quot;,&quot;i&quot;),i=0;i&lt;o.length;i++)o[i].style.display=&quot;none&quot;;for(i=0;i&lt;a.length;i++)s=a[i],e.source===s.contentWindow&amp;&amp;(s.removeAttribute(&quot;style&quot;),&quot;height&quot;===t.message?(1e3&lt;(r=parseInt(t.value,10))?r=1e3:~~r&lt;200&amp;&amp;(r=200),s.height=r):&quot;link&quot;===t.message&amp;&amp;(r=new URL(s.getAttribute(&quot;src&quot;)),n=new URL(t.value),c.test(n.protocol))&amp;&amp;n.host===r.host&amp;&amp;l.activeElement===s&amp;&amp;(d.top.location.href=t.value))}},d.addEventListener(&quot;message&quot;,d.wp.receiveEmbedMessage,!1),l.addEventListener(&quot;DOMContentLoaded&quot;,function(){for(var e,t,s=l.querySelectorAll(&quot;iframe.wp-embedded-content&quot;),r=0;r&lt;s.length;r++)(t=(e=s[r]).getAttribute(&quot;data-secret&quot;))||(t=Math.random().toString(36).substring(2,12),e.src+=&quot;#?secret=&quot;+t,e.setAttribute(&quot;data-secret&quot;,t)),e.contentWindow.postMessage({message:&quot;ready&quot;,secret:t},&quot;*&quot;)},!1)))}(window,document);\n\/\/# sourceURL=https:\/\/alboradatixtla.com\/wp-includes\/js\/wp-embed.min.js\n\/* ]]&gt; *\/\n&lt;\/script&gt;\n'\n\t\t\t\t\t\t\t\t   title=\"Embed Code\"\n\t\t\t\t\t\t\t\t   class=\"input-embed input-embed-89\" readonly\/>\n\t\t\t\t\t\t<\/div>\n\t\t\t\t\t\t<button class=\"copy-embed copy-embed-89\" title=\"Copy Embed Code\" aria-label=\"Copy Embed Code\"><\/button>\n\t\t\t\t\t<\/div>\n\t\t\t\t<\/div>\n\t\t\t\t\t<\/div>\n\t\n\t\n\n\t<\/div>\n\n\n\n<hr class=\"wp-block-separator has-text-color has-alpha-channel-opacity has-background\" style=\"background-color:#0d0c0c;color:#0d0c0c\"\/>\n\n\n<ul class=\"wp-block-latest-posts__list wp-block-latest-posts\"><li><div class=\"wp-block-latest-posts__featured-image\"><a href=\"https:\/\/alboradatixtla.com\/?p=2224\" aria-label=\"\u00bfQu\u00e8 es el ISN?\"><img loading=\"lazy\" decoding=\"async\" width=\"800\" height=\"456\" src=\"https:\/\/alboradatixtla.com\/wp-content\/uploads\/2026\/03\/Picsart_26-03-30_15-54-50-832-1024x584.jpg\" class=\"attachment-large size-large wp-post-image\" alt=\"\" style=\"\" srcset=\"https:\/\/alboradatixtla.com\/wp-content\/uploads\/2026\/03\/Picsart_26-03-30_15-54-50-832-1024x584.jpg 1024w, https:\/\/alboradatixtla.com\/wp-content\/uploads\/2026\/03\/Picsart_26-03-30_15-54-50-832-300x171.jpg 300w, https:\/\/alboradatixtla.com\/wp-content\/uploads\/2026\/03\/Picsart_26-03-30_15-54-50-832-768x438.jpg 768w, https:\/\/alboradatixtla.com\/wp-content\/uploads\/2026\/03\/Picsart_26-03-30_15-54-50-832-1536x877.jpg 1536w, https:\/\/alboradatixtla.com\/wp-content\/uploads\/2026\/03\/Picsart_26-03-30_15-54-50-832-2048x1169.jpg 2048w\" sizes=\"auto, (max-width: 800px) 100vw, 800px\" \/><\/a><\/div><a class=\"wp-block-latest-posts__post-title\" href=\"https:\/\/alboradatixtla.com\/?p=2224\">\u00bfQu\u00e8 es el ISN?<\/a><div class=\"wp-block-latest-posts__post-excerpt\">Autor: Dr. Carlos Marx Barbosa Guzm\u00e0n.Premio Estatal al M\u00e8rito Jur\u00ecdico 2018.Correo: inaicalp18@outlook.es Introducci\u00f2n. El Impuesto Sobre N\u00f3mina es una responsabilidad que todo patr\u00f3n debe tener presente mes con mes. Todas las empresas deben pagarlo y var\u00eda dependiendo del estado de la Rep\u00fablica en que se encuentre cada organizaci\u00f3n. Tambi\u00e9n conocido como Impuesto sobre Erogaciones por<\/div><\/li>\n<li><div class=\"wp-block-latest-posts__featured-image\"><a href=\"https:\/\/alboradatixtla.com\/?p=2197\" aria-label=\"Guerrero destaca en Concurso Nacional de Matem\u00e1ticas al obtener cuatro medallas\"><img loading=\"lazy\" decoding=\"async\" width=\"800\" height=\"456\" src=\"https:\/\/alboradatixtla.com\/wp-content\/uploads\/2026\/03\/collage-11-1024x584.png\" class=\"attachment-large size-large wp-post-image\" alt=\"\" style=\"\" srcset=\"https:\/\/alboradatixtla.com\/wp-content\/uploads\/2026\/03\/collage-11-1024x584.png 1024w, https:\/\/alboradatixtla.com\/wp-content\/uploads\/2026\/03\/collage-11-300x171.png 300w, https:\/\/alboradatixtla.com\/wp-content\/uploads\/2026\/03\/collage-11-768x438.png 768w, https:\/\/alboradatixtla.com\/wp-content\/uploads\/2026\/03\/collage-11-1536x877.png 1536w, https:\/\/alboradatixtla.com\/wp-content\/uploads\/2026\/03\/collage-11-2048x1169.png 2048w\" sizes=\"auto, (max-width: 800px) 100vw, 800px\" \/><\/a><\/div><a class=\"wp-block-latest-posts__post-title\" href=\"https:\/\/alboradatixtla.com\/?p=2197\">Guerrero destaca en Concurso Nacional de Matem\u00e1ticas al obtener cuatro medallas<\/a><div class=\"wp-block-latest-posts__post-excerpt\">Chilpancingo, Gro., 26 de marzo de 2026.- Estudiantes guerrerenses obtuvieron un total de cuatro medallas, incluida la de oro y dos menciones honor\u00edficas, en la novena edici\u00f3n del Concurso Nacional de Matem\u00e1ticas \u201cCarl Friedrich Gau55\u201d, realizado en la Benem\u00e9rita Escuela Nacional de Maestros (BENM) en la Ciudad de M\u00e9xico, inform\u00f3 la Secretar\u00eda de Educaci\u00f3n Guerrero<\/div><\/li>\n<li><div class=\"wp-block-latest-posts__featured-image\"><a href=\"https:\/\/alboradatixtla.com\/?p=2178\" aria-label=\"Trabajo coordinado de los gobiernos federal y estatal en el mejoramiento de la infraestructura educativa\"><img loading=\"lazy\" decoding=\"async\" width=\"800\" height=\"456\" src=\"https:\/\/alboradatixtla.com\/wp-content\/uploads\/2026\/03\/collage-8-1024x584.png\" class=\"attachment-large size-large wp-post-image\" alt=\"\" style=\"\" srcset=\"https:\/\/alboradatixtla.com\/wp-content\/uploads\/2026\/03\/collage-8-1024x584.png 1024w, https:\/\/alboradatixtla.com\/wp-content\/uploads\/2026\/03\/collage-8-300x171.png 300w, https:\/\/alboradatixtla.com\/wp-content\/uploads\/2026\/03\/collage-8-768x438.png 768w, https:\/\/alboradatixtla.com\/wp-content\/uploads\/2026\/03\/collage-8-1536x877.png 1536w, https:\/\/alboradatixtla.com\/wp-content\/uploads\/2026\/03\/collage-8-2048x1169.png 2048w\" sizes=\"auto, (max-width: 800px) 100vw, 800px\" \/><\/a><\/div><a class=\"wp-block-latest-posts__post-title\" href=\"https:\/\/alboradatixtla.com\/?p=2178\">Trabajo coordinado de los gobiernos federal y estatal en el mejoramiento de la infraestructura educativa<\/a><div class=\"wp-block-latest-posts__post-excerpt\">En el fortalecimiento de la infraestructura educativa de nivel superior en Guerrero que promueve la gobernadora Evelyn Salgado Pineda, el director general del Instituto Guerrerense de la Infraestructura F\u00edsica Educativa (IGIFE), Enrique Ram\u00edrez Barrios, asisti\u00f3 a reuni\u00f3n de funcionarios estatales y federales del sector educativo, para dar seguimiento a las gestiones realizadas en el rubro<\/div><\/li>\n<li><div class=\"wp-block-latest-posts__featured-image\"><a href=\"https:\/\/alboradatixtla.com\/?p=2163\" aria-label=\"Efem\u00e9rides 24 de Marzo\"><img loading=\"lazy\" decoding=\"async\" width=\"800\" height=\"530\" src=\"https:\/\/alboradatixtla.com\/wp-content\/uploads\/2026\/03\/56dd4e02-953b-4f6e-922e-8eff9f2280e7-1024x679.jpeg\" class=\"attachment-large size-large wp-post-image\" alt=\"\" style=\"\" srcset=\"https:\/\/alboradatixtla.com\/wp-content\/uploads\/2026\/03\/56dd4e02-953b-4f6e-922e-8eff9f2280e7-1024x679.jpeg 1024w, https:\/\/alboradatixtla.com\/wp-content\/uploads\/2026\/03\/56dd4e02-953b-4f6e-922e-8eff9f2280e7-300x199.jpeg 300w, https:\/\/alboradatixtla.com\/wp-content\/uploads\/2026\/03\/56dd4e02-953b-4f6e-922e-8eff9f2280e7-768x509.jpeg 768w, https:\/\/alboradatixtla.com\/wp-content\/uploads\/2026\/03\/56dd4e02-953b-4f6e-922e-8eff9f2280e7-1536x1019.jpeg 1536w, https:\/\/alboradatixtla.com\/wp-content\/uploads\/2026\/03\/56dd4e02-953b-4f6e-922e-8eff9f2280e7.jpeg 1600w\" sizes=\"auto, (max-width: 800px) 100vw, 800px\" \/><\/a><\/div><a class=\"wp-block-latest-posts__post-title\" href=\"https:\/\/alboradatixtla.com\/?p=2163\">Efem\u00e9rides 24 de Marzo<\/a><div class=\"wp-block-latest-posts__post-excerpt\">CU\u00c1NTO M\u00c1S GRANDE ES LA HERIDA, M\u00c1S PRIVADO ES EL DOLOR. ( ISABEL ALLENDE ) Seg\u00fan el fecundo Investigador de nuestra Historia Regional Guerrerense, Maestro ERNESTO PASTENES HERN\u00c1NDEZ, Cronista del Municipio de Tixtla de Guerrero, Gro; y estudioso infatigable de nuestra Historia Guerrerense, se\u00f1ala que hoy, VEINTICUATRO DE MARZO del a\u00f1o en curso, se celebrala<\/div><\/li>\n<li><div class=\"wp-block-latest-posts__featured-image\"><a href=\"https:\/\/alboradatixtla.com\/?p=2114\" aria-label=\"Reuni\u00f3n clave de la FENALT avanza preparativos del VIII Congreso Nacional de Derecho Laboral Burocr\u00e1tico 2026\"><img loading=\"lazy\" decoding=\"async\" width=\"720\" height=\"960\" src=\"https:\/\/alboradatixtla.com\/wp-content\/uploads\/2026\/03\/651007893_26181182511512884_2266551170528568694_n.jpg\" class=\"attachment-large size-large wp-post-image\" alt=\"\" style=\"\" srcset=\"https:\/\/alboradatixtla.com\/wp-content\/uploads\/2026\/03\/651007893_26181182511512884_2266551170528568694_n.jpg 720w, https:\/\/alboradatixtla.com\/wp-content\/uploads\/2026\/03\/651007893_26181182511512884_2266551170528568694_n-225x300.jpg 225w\" sizes=\"auto, (max-width: 720px) 100vw, 720px\" \/><\/a><\/div><a class=\"wp-block-latest-posts__post-title\" href=\"https:\/\/alboradatixtla.com\/?p=2114\">Reuni\u00f3n clave de la FENALT avanza preparativos del VIII Congreso Nacional de Derecho Laboral Burocr\u00e1tico 2026<\/a><div class=\"wp-block-latest-posts__post-excerpt\">Chilpancingo, Guerrero.- Integrantes de la Federaci\u00f3n Nacional de Abogados Laboralistas y del Trabajo (FENALT) se reunieron recientemente como parte de los preparativos para el VIII Congreso Nacional de Derecho Laboral Burocr\u00e1tico 2026. En este encuentro, presidido por el magistrado del Tribunal Federal de Conciliaci\u00f3n y Arbitraje (TFCA), licenciado Crist\u00f3bal Arias Sol\u00eds, se reiter\u00f3 el compromiso<\/div><\/li>\n<\/ul>","protected":false},"excerpt":{"rendered":"<div class=\"pvc_clear\"><\/div>\n<p id=\"pvc_stats_89\" class=\"pvc_stats all  \" data-element-id=\"89\" style=\"\"><i class=\"pvc-stats-icon medium\" aria-hidden=\"true\"><svg xmlns=\"http:\/\/www.w3.org\/2000\/svg\" version=\"1.0\" viewBox=\"0 0 502 315\" preserveAspectRatio=\"xMidYMid meet\"><g transform=\"translate(0,332) scale(0.1,-0.1)\" fill=\"\" stroke=\"none\"><path d=\"M2394 3279 l-29 -30 -3 -207 c-2 -182 0 -211 15 -242 39 -76 157 -76 196 0 15 31 17 60 15 243 l-3 209 -33 29 c-26 23 -41 29 -80 29 -41 0 -53 -5 -78 -31z\"\/><path d=\"M3085 3251 c-45 -19 -58 -50 -96 -229 -47 -217 -49 -260 -13 -295 52 -53 146 -42 177 20 16 31 87 366 87 410 0 70 -86 122 -155 94z\"\/><path d=\"M1751 3234 c-13 -9 -29 -31 -37 -50 -12 -29 -10 -49 21 -204 19 -94 39 -189 45 -210 14 -50 54 -80 110 -80 34 0 48 6 76 34 21 21 34 44 34 59 0 14 -18 113 -40 219 -37 178 -43 195 -70 221 -36 32 -101 37 -139 11z\"\/><path d=\"M1163 3073 c-36 -7 -73 -59 -73 -102 0 -56 133 -378 171 -413 34 -32 83 -37 129 -13 70 36 67 87 -16 290 -86 209 -89 214 -129 231 -35 14 -42 15 -82 7z\"\/><path d=\"M3689 3066 c-15 -9 -33 -30 -42 -48 -48 -103 -147 -355 -147 -375 0 -98 131 -148 192 -74 13 15 57 108 97 206 80 196 84 226 37 273 -30 30 -99 39 -137 18z\"\/><path d=\"M583 2784 c-38 -19 -67 -74 -58 -113 9 -42 211 -354 242 -373 16 -10 45 -18 66 -18 51 0 107 52 107 100 0 39 -1 41 -124 234 -80 126 -108 162 -133 173 -41 17 -61 16 -100 -3z\"\/><path d=\"M4250 2784 c-14 -9 -74 -91 -133 -183 -95 -150 -107 -173 -107 -213 0 -55 33 -94 87 -104 67 -13 90 8 211 198 130 202 137 225 78 284 -27 27 -42 34 -72 34 -22 0 -50 -8 -64 -16z\"\/><path d=\"M2275 2693 c-553 -48 -1095 -270 -1585 -649 -135 -104 -459 -423 -483 -476 -23 -49 -22 -139 2 -186 73 -142 361 -457 571 -626 285 -228 642 -407 990 -497 242 -63 336 -73 660 -74 310 0 370 5 595 52 535 111 1045 392 1455 803 122 121 250 273 275 326 19 41 19 137 0 174 -41 79 -309 363 -465 492 -447 370 -946 591 -1479 653 -113 14 -422 18 -536 8z m395 -428 c171 -34 330 -124 456 -258 112 -119 167 -219 211 -378 27 -96 24 -300 -5 -401 -72 -255 -236 -447 -474 -557 -132 -62 -201 -76 -368 -76 -167 0 -236 14 -368 76 -213 98 -373 271 -451 485 -162 444 86 934 547 1084 153 49 292 57 452 25z m909 -232 c222 -123 408 -262 593 -441 76 -74 138 -139 138 -144 0 -16 -233 -242 -330 -319 -155 -123 -309 -223 -461 -299 l-81 -41 32 46 c18 26 49 83 70 128 143 306 141 649 -6 957 -25 52 -61 116 -79 142 l-34 47 45 -20 c26 -10 76 -36 113 -56z m-2057 25 c-40 -58 -105 -190 -130 -263 -110 -324 -59 -707 132 -981 25 -35 42 -64 37 -64 -19 0 -241 119 -326 174 -188 122 -406 314 -532 468 l-58 71 108 103 c185 178 428 349 672 473 66 33 121 60 123 61 2 0 -10 -19 -26 -42z\"\/><path d=\"M2375 1950 c-198 -44 -350 -190 -395 -379 -18 -76 -8 -221 19 -290 114 -284 457 -406 731 -260 98 52 188 154 231 260 27 69 37 214 19 290 -38 163 -166 304 -326 360 -67 23 -215 33 -279 19z\"\/><\/g><\/svg><\/i> <img loading=\"lazy\" decoding=\"async\" width=\"16\" height=\"16\" alt=\"Loading\" src=\"https:\/\/alboradatixtla.com\/wp-content\/plugins\/page-views-count\/ajax-loader-2x.gif\" border=0 \/><\/p>\n<div class=\"pvc_clear\"><\/div>\n","protected":false},"author":1,"featured_media":0,"parent":0,"menu_order":0,"comment_status":"closed","ping_status":"closed","template":"","meta":{"colormag_page_container_layout":"default_layout","colormag_page_sidebar_layout":"default_layout","_monsterinsights_skip_tracking":false,"_monsterinsights_sitenote_active":false,"_monsterinsights_sitenote_note":"","_monsterinsights_sitenote_category":0,"episode_type":"","audio_file":"","cover_image":"","cover_image_id":"","duration":"","filesize":"","date_recorded":"","explicit":"","block":"","filesize_raw":"","footnotes":""},"class_list":["post-89","page","type-page","status-publish","hentry"],"_links":{"self":[{"href":"https:\/\/alboradatixtla.com\/index.php?rest_route=\/wp\/v2\/pages\/89","targetHints":{"allow":["GET"]}}],"collection":[{"href":"https:\/\/alboradatixtla.com\/index.php?rest_route=\/wp\/v2\/pages"}],"about":[{"href":"https:\/\/alboradatixtla.com\/index.php?rest_route=\/wp\/v2\/types\/page"}],"author":[{"embeddable":true,"href":"https:\/\/alboradatixtla.com\/index.php?rest_route=\/wp\/v2\/users\/1"}],"replies":[{"embeddable":true,"href":"https:\/\/alboradatixtla.com\/index.php?rest_route=%2Fwp%2Fv2%2Fcomments&post=89"}],"version-history":[{"count":7,"href":"https:\/\/alboradatixtla.com\/index.php?rest_route=\/wp\/v2\/pages\/89\/revisions"}],"predecessor-version":[{"id":1234,"href":"https:\/\/alboradatixtla.com\/index.php?rest_route=\/wp\/v2\/pages\/89\/revisions\/1234"}],"wp:attachment":[{"href":"https:\/\/alboradatixtla.com\/index.php?rest_route=%2Fwp%2Fv2%2Fmedia&parent=89"}],"curies":[{"name":"wp","href":"https:\/\/api.w.org\/{rel}","templated":true}]}}