{"id":273,"date":"2025-10-01T21:13:45","date_gmt":"2025-10-01T21:13:45","guid":{"rendered":"https:\/\/alboradatixtla.com\/?page_id=273"},"modified":"2025-12-12T00:32:32","modified_gmt":"2025-12-12T00:32:32","slug":"tixtla","status":"publish","type":"page","link":"https:\/\/alboradatixtla.com\/?page_id=273","title":{"rendered":"Tixtla"},"content":{"rendered":"<div class=\"pvc_clear\"><\/div><p id=\"pvc_stats_273\" class=\"pvc_stats all  \" data-element-id=\"273\" style=\"\"><i class=\"pvc-stats-icon medium\" aria-hidden=\"true\"><svg xmlns=\"http:\/\/www.w3.org\/2000\/svg\" version=\"1.0\" viewBox=\"0 0 502 315\" preserveAspectRatio=\"xMidYMid meet\"><g transform=\"translate(0,332) scale(0.1,-0.1)\" fill=\"\" stroke=\"none\"><path d=\"M2394 3279 l-29 -30 -3 -207 c-2 -182 0 -211 15 -242 39 -76 157 -76 196 0 15 31 17 60 15 243 l-3 209 -33 29 c-26 23 -41 29 -80 29 -41 0 -53 -5 -78 -31z\"\/><path d=\"M3085 3251 c-45 -19 -58 -50 -96 -229 -47 -217 -49 -260 -13 -295 52 -53 146 -42 177 20 16 31 87 366 87 410 0 70 -86 122 -155 94z\"\/><path d=\"M1751 3234 c-13 -9 -29 -31 -37 -50 -12 -29 -10 -49 21 -204 19 -94 39 -189 45 -210 14 -50 54 -80 110 -80 34 0 48 6 76 34 21 21 34 44 34 59 0 14 -18 113 -40 219 -37 178 -43 195 -70 221 -36 32 -101 37 -139 11z\"\/><path d=\"M1163 3073 c-36 -7 -73 -59 -73 -102 0 -56 133 -378 171 -413 34 -32 83 -37 129 -13 70 36 67 87 -16 290 -86 209 -89 214 -129 231 -35 14 -42 15 -82 7z\"\/><path d=\"M3689 3066 c-15 -9 -33 -30 -42 -48 -48 -103 -147 -355 -147 -375 0 -98 131 -148 192 -74 13 15 57 108 97 206 80 196 84 226 37 273 -30 30 -99 39 -137 18z\"\/><path d=\"M583 2784 c-38 -19 -67 -74 -58 -113 9 -42 211 -354 242 -373 16 -10 45 -18 66 -18 51 0 107 52 107 100 0 39 -1 41 -124 234 -80 126 -108 162 -133 173 -41 17 -61 16 -100 -3z\"\/><path d=\"M4250 2784 c-14 -9 -74 -91 -133 -183 -95 -150 -107 -173 -107 -213 0 -55 33 -94 87 -104 67 -13 90 8 211 198 130 202 137 225 78 284 -27 27 -42 34 -72 34 -22 0 -50 -8 -64 -16z\"\/><path d=\"M2275 2693 c-553 -48 -1095 -270 -1585 -649 -135 -104 -459 -423 -483 -476 -23 -49 -22 -139 2 -186 73 -142 361 -457 571 -626 285 -228 642 -407 990 -497 242 -63 336 -73 660 -74 310 0 370 5 595 52 535 111 1045 392 1455 803 122 121 250 273 275 326 19 41 19 137 0 174 -41 79 -309 363 -465 492 -447 370 -946 591 -1479 653 -113 14 -422 18 -536 8z m395 -428 c171 -34 330 -124 456 -258 112 -119 167 -219 211 -378 27 -96 24 -300 -5 -401 -72 -255 -236 -447 -474 -557 -132 -62 -201 -76 -368 -76 -167 0 -236 14 -368 76 -213 98 -373 271 -451 485 -162 444 86 934 547 1084 153 49 292 57 452 25z m909 -232 c222 -123 408 -262 593 -441 76 -74 138 -139 138 -144 0 -16 -233 -242 -330 -319 -155 -123 -309 -223 -461 -299 l-81 -41 32 46 c18 26 49 83 70 128 143 306 141 649 -6 957 -25 52 -61 116 -79 142 l-34 47 45 -20 c26 -10 76 -36 113 -56z m-2057 25 c-40 -58 -105 -190 -130 -263 -110 -324 -59 -707 132 -981 25 -35 42 -64 37 -64 -19 0 -241 119 -326 174 -188 122 -406 314 -532 468 l-58 71 108 103 c185 178 428 349 672 473 66 33 121 60 123 61 2 0 -10 -19 -26 -42z\"\/><path d=\"M2375 1950 c-198 -44 -350 -190 -395 -379 -18 -76 -8 -221 19 -290 114 -284 457 -406 731 -260 98 52 188 154 231 260 27 69 37 214 19 290 -38 163 -166 304 -326 360 -67 23 -215 33 -279 19z\"\/><\/g><\/svg><\/i> <img loading=\"lazy\" decoding=\"async\" width=\"16\" height=\"16\" alt=\"Loading\" src=\"https:\/\/alboradatixtla.com\/wp-content\/plugins\/page-views-count\/ajax-loader-2x.gif\" border=0 \/><\/p><div class=\"pvc_clear\"><\/div>\n<div class=\"wp-block-columns is-layout-flex wp-container-core-columns-is-layout-28f84493 wp-block-columns-is-layout-flex\">\n<div class=\"wp-block-column is-layout-flow wp-block-column-is-layout-flow\"><\/div>\n<\/div>\n\n\n<div id=\"445502488\" class=\"castos-player dark-mode \" tabindex=\"0\" data-episode=\"273\" data-player_id=\"445502488\">\n\t<div class=\"player\">\n\t\t<div class=\"player__main\">\n\t\t\t<div class=\"player__artwork player__artwork-273\">\n\t\t\t\t<img decoding=\"async\" src=\"https:\/\/alboradatixtla.com\/wp-content\/uploads\/2025\/09\/logo-radio-web-150x150.png\"\n\t\t\t\t\t alt=\"Radio Alborada Tixtla\"\n\t\t\t\t\t title=\"Radio Alborada Tixtla\">\n\t\t\t<\/div>\n\t\t\t<div class=\"player__body\">\n\t\t\t\t<div class=\"currently-playing\">\n\t\t\t\t\t<div class=\"show player__podcast-title\">\n\t\t\t\t\t\tRadio Alborada Tixtla\t\t\t\t\t<\/div>\n\t\t\t\t\t<div class=\"episode-title player__episode-title\">Tixtla<\/div>\n\t\t\t\t<\/div>\n\t\t\t\t<div class=\"play-progress\">\n\t\t\t\t\t<div class=\"play-pause-controls\">\n\t\t\t\t\t\t<button title=\"Play\" aria-label=\"Play Episode\" aria-pressed=\"false\" class=\"play-btn\">\n\t\t\t\t\t\t\t<span class=\"screen-reader-text\">Play Episode<\/span>\n\t\t\t\t\t\t<\/button>\n\t\t\t\t\t\t<button title=\"Pause\" aria-label=\"Pause Episode\" aria-pressed=\"false\" class=\"pause-btn hide\">\n\t\t\t\t\t\t\t<span class=\"screen-reader-text\">Pause Episode<\/span>\n\t\t\t\t\t\t<\/button>\n\t\t\t\t\t\t<img decoding=\"async\" src=\"https:\/\/alboradatixtla.com\/wp-content\/plugins\/seriously-simple-podcasting\/assets\/css\/images\/player\/images\/icon-loader.svg\" alt=\"Loading\" class=\"ssp-loader hide\"\/>\n\t\t\t\t\t<\/div>\n\t\t\t\t\t<div>\n\t\t\t\t\t\t<audio preload=\"none\" class=\"clip clip-273\">\n\t\t\t\t\t\t\t<source src=\"https:\/\/stream.zeno.fm\/uufpewzmafjvv\">\n\t\t\t\t\t\t<\/audio>\n\t\t\t\t\t\t<div class=\"ssp-progress\" role=\"progressbar\" title=\"Seek\" aria-valuenow=\"0\" aria-valuemin=\"0\" aria-valuemax=\"0\">\n\t\t\t\t\t\t\t<span class=\"progress__filled\"><\/span>\n\t\t\t\t\t\t<\/div>\n\t\t\t\t\t\t<div class=\"ssp-playback playback\">\n\t\t\t\t\t\t\t<div class=\"playback__controls\">\n\t\t\t\t\t\t\t\t<button class=\"player-btn player-btn__volume\" title=\"Mute\/Unmute\">\n\t\t\t\t\t\t\t\t\t<span class=\"screen-reader-text\">Mute\/Unmute Episode<\/span>\n\t\t\t\t\t\t\t\t<\/button>\n\t\t\t\t\t\t\t\t<button data-skip=\"-10\" class=\"player-btn player-btn__rwd\" title=\"Rewind 10 seconds\">\n\t\t\t\t\t\t\t\t\t<span class=\"screen-reader-text\">Rewind 10 Seconds<\/span>\n\t\t\t\t\t\t\t\t<\/button>\n\t\t\t\t\t\t\t\t<button data-speed=\"1\" class=\"player-btn player-btn__speed\" title=\"Playback Speed\" aria-label=\"Playback Speed\">1x<\/button>\n\t\t\t\t\t\t\t\t<button data-skip=\"30\" class=\"player-btn player-btn__fwd\" title=\"Fast Forward 30 seconds\">\n\t\t\t\t\t\t\t\t\t<span class=\"screen-reader-text\">Fast Forward 30 seconds<\/span>\n\t\t\t\t\t\t\t\t<\/button>\n\t\t\t\t\t\t\t<\/div>\n\t\t\t\t\t\t\t<div class=\"playback__timers\">\n\t\t\t\t\t\t\t\t<time class=\"ssp-timer\">00:00<\/time>\n\t\t\t\t\t\t\t\t<span>\/<\/span>\n\t\t\t\t\t\t\t\t<!-- We need actual duration here from the server -->\n\t\t\t\t\t\t\t\t<time class=\"ssp-duration\" datetime=\"PT0H0M0S\"><\/time>\n\t\t\t\t\t\t\t<\/div>\n\t\t\t\t\t\t<\/div>\n\t\t\t\t\t<\/div>\n\t\t\t\t<\/div>\n\t\t\t\t\t\t\t\t\t<nav class=\"player-panels-nav\">\n\t\t\t\t\t\t\t\t\t\t\t\t\t<button class=\"subscribe-btn\" id=\"subscribe-btn-273\" title=\"Subscribe\">Subscribe<\/button>\n\t\t\t\t\t\t\t\t\t\t\t\t\t\t\t\t\t\t\t<button class=\"share-btn\" id=\"share-btn-273\" title=\"Share\">Share<\/button>\n\t\t\t\t\t\t\t\t\t\t\t<\/nav>\n\t\t\t\t\t\t\t<\/div>\n\t\t<\/div>\n\t<\/div>\n\t\t\t<div class=\"player-panels player-panels-273\">\n\t\t\t\t\t\t\t<div class=\"subscribe player-panel subscribe-273\">\n\t\t\t\t\t<div class=\"close-btn close-btn-273\">\n\t\t\t\t\t\t<span><\/span>\n\t\t\t\t\t\t<span><\/span>\n\t\t\t\t\t<\/div>\n\t\t\t\t\t<div class=\"panel__inner\">\n\t\t\t\t\t\t<div class=\"subscribe-icons\">\n\t\t\t\t\t\t\t\t\t\t\t\t\t\t\t\t\t\t\t\t\t\t\t\t\t\t\t\t<\/div>\n\t\t\t\t\t\t<div class=\"player-panel-row\" aria-label=\"RSS Feed URL\">\n\t\t\t\t\t\t\t<div class=\"title\">RSS Feed<\/div>\n\t\t\t\t\t\t\t<div>\n\t\t\t\t\t\t\t\t<input value=\"https:\/\/alboradatixtla.com\/?feed=podcast&amp;podcast_series=radio-alborada-tixtla\" class=\"input-rss input-rss-273\" title=\"RSS Feed URL\" readonly \/>\n\t\t\t\t\t\t\t<\/div>\n\t\t\t\t\t\t\t<button class=\"copy-rss copy-rss-273\" title=\"Copy RSS Feed URL\" aria-label=\"Copy RSS Feed URL\"><\/button>\n\t\t\t\t\t\t<\/div>\n\t\t\t\t\t<\/div>\n\t\t\t\t<\/div>\n\t\t\t\t\t\t\t\t\t\t<div class=\"share share-273 player-panel\">\n\t\t\t\t\t<div class=\"close-btn close-btn-273\">\n\t\t\t\t\t\t<span><\/span>\n\t\t\t\t\t\t<span><\/span>\n\t\t\t\t\t<\/div>\n\t\t\t\t\t<div class=\"player-panel-row\">\n\t\t\t\t\t\t<div class=\"title\">\n\t\t\t\t\t\t\tShare\t\t\t\t\t\t<\/div>\n\t\t\t\t\t\t<div class=\"icons-holder\">\n\t\t\t\t\t\t\t<a href=\"https:\/\/www.facebook.com\/sharer\/sharer.php?u=https:\/\/alboradatixtla.com\/?post_type=page&amp;p=273&#038;t=Tixtla\"\n\t\t\t\t\t\t\t   target=\"_blank\" rel=\"noopener noreferrer\" class=\"share-icon facebook\" title=\"Share on Facebook\">\n\t\t\t\t\t\t\t\t<span><\/span>\n\t\t\t\t\t\t\t<\/a>\n\t\t\t\t\t\t\t<a href=\"https:\/\/twitter.com\/intent\/tweet?text=https:\/\/alboradatixtla.com\/?post_type=page&amp;p=273&#038;url=Tixtla\"\n\t\t\t\t\t\t\t   target=\"_blank\" rel=\"noopener noreferrer\" class=\"share-icon twitter\" title=\"Share on Twitter\">\n\t\t\t\t\t\t\t\t<span><\/span>\n\t\t\t\t\t\t\t<\/a>\n\t\t\t\t\t\t\t<a href=\"https:\/\/stream.zeno.fm\/uufpewzmafjvv\"\n\t\t\t\t\t\t\t   target=\"_blank\" rel=\"noopener noreferrer\" class=\"share-icon download\" title=\"Download\" download>\n\t\t\t\t\t\t\t\t<span><\/span>\n\t\t\t\t\t\t\t<\/a>\n\t\t\t\t\t\t<\/div>\n\t\t\t\t\t<\/div>\n\t\t\t\t\t<div class=\"player-panel-row\">\n\t\t\t\t\t\t<div class=\"title\">\n\t\t\t\t\t\t\tLink\t\t\t\t\t\t<\/div>\n\t\t\t\t\t\t<div>\n\t\t\t\t\t\t\t<input value=\"https:\/\/alboradatixtla.com\/?post_type=page&#038;p=273\" class=\"input-link input-link-273\" title=\"Episode URL\" readonly \/>\n\t\t\t\t\t\t<\/div>\n\t\t\t\t\t\t<button class=\"copy-link copy-link-273\" title=\"Copy Episode URL\" aria-label=\"Copy Episode URL\" readonly=\"\"><\/button>\n\t\t\t\t\t<\/div>\n\t\t\t\t\t<div class=\"player-panel-row\">\n\t\t\t\t\t\t<div class=\"title\">\n\t\t\t\t\t\t\tEmbed\t\t\t\t\t\t<\/div>\n\t\t\t\t\t\t<div style=\"height: 10px;\">\n\t\t\t\t\t\t\t<input type=\"text\" value='&lt;blockquote class=&quot;wp-embedded-content&quot; data-secret=&quot;RpJrhHASbU&quot;&gt;&lt;a href=&quot;https:\/\/alboradatixtla.com\/?page_id=273&quot;&gt;Tixtla&lt;\/a&gt;&lt;\/blockquote&gt;&lt;iframe sandbox=&quot;allow-scripts&quot; security=&quot;restricted&quot; src=&quot;https:\/\/alboradatixtla.com\/?page_id=273&#038;embed=true#?secret=RpJrhHASbU&quot; width=&quot;500&quot; height=&quot;350&quot; title=&quot;&#8220;Tixtla&#8221; &#8212; Alborada Tixtla&quot; data-secret=&quot;RpJrhHASbU&quot; frameborder=&quot;0&quot; marginwidth=&quot;0&quot; marginheight=&quot;0&quot; scrolling=&quot;no&quot; class=&quot;wp-embedded-content&quot;&gt;&lt;\/iframe&gt;&lt;script type=&quot;text\/javascript&quot;&gt;\n\/* &lt;![CDATA[ *\/\n\/*! This file is auto-generated *\/\n!function(d,l){&quot;use strict&quot;;l.querySelector&amp;&amp;d.addEventListener&amp;&amp;&quot;undefined&quot;!=typeof URL&amp;&amp;(d.wp=d.wp||{},d.wp.receiveEmbedMessage||(d.wp.receiveEmbedMessage=function(e){var t=e.data;if((t||t.secret||t.message||t.value)&amp;&amp;!\/[^a-zA-Z0-9]\/.test(t.secret)){for(var s,r,n,a=l.querySelectorAll(&#039;iframe[data-secret=&quot;&#039;+t.secret+&#039;&quot;]&#039;),o=l.querySelectorAll(&#039;blockquote[data-secret=&quot;&#039;+t.secret+&#039;&quot;]&#039;),c=new RegExp(&quot;^https?:$&quot;,&quot;i&quot;),i=0;i&lt;o.length;i++)o[i].style.display=&quot;none&quot;;for(i=0;i&lt;a.length;i++)s=a[i],e.source===s.contentWindow&amp;&amp;(s.removeAttribute(&quot;style&quot;),&quot;height&quot;===t.message?(1e3&lt;(r=parseInt(t.value,10))?r=1e3:~~r&lt;200&amp;&amp;(r=200),s.height=r):&quot;link&quot;===t.message&amp;&amp;(r=new URL(s.getAttribute(&quot;src&quot;)),n=new URL(t.value),c.test(n.protocol))&amp;&amp;n.host===r.host&amp;&amp;l.activeElement===s&amp;&amp;(d.top.location.href=t.value))}},d.addEventListener(&quot;message&quot;,d.wp.receiveEmbedMessage,!1),l.addEventListener(&quot;DOMContentLoaded&quot;,function(){for(var e,t,s=l.querySelectorAll(&quot;iframe.wp-embedded-content&quot;),r=0;r&lt;s.length;r++)(t=(e=s[r]).getAttribute(&quot;data-secret&quot;))||(t=Math.random().toString(36).substring(2,12),e.src+=&quot;#?secret=&quot;+t,e.setAttribute(&quot;data-secret&quot;,t)),e.contentWindow.postMessage({message:&quot;ready&quot;,secret:t},&quot;*&quot;)},!1)))}(window,document);\n\/\/# sourceURL=https:\/\/alboradatixtla.com\/wp-includes\/js\/wp-embed.min.js\n\/* ]]&gt; *\/\n&lt;\/script&gt;\n'\n\t\t\t\t\t\t\t\t   title=\"Embed Code\"\n\t\t\t\t\t\t\t\t   class=\"input-embed input-embed-273\" readonly\/>\n\t\t\t\t\t\t<\/div>\n\t\t\t\t\t\t<button class=\"copy-embed copy-embed-273\" title=\"Copy Embed Code\" aria-label=\"Copy Embed Code\"><\/button>\n\t\t\t\t\t<\/div>\n\t\t\t\t<\/div>\n\t\t\t\t\t<\/div>\n\t\n\t\n\n\t<\/div>\n\n\n\n<hr class=\"wp-block-separator has-text-color has-alpha-channel-opacity has-background\" style=\"background-color:#000000;color:#000000\"\/>\n\n\n<ul class=\"wp-block-latest-posts__list wp-block-latest-posts\"><li><div class=\"wp-block-latest-posts__featured-image\"><a href=\"https:\/\/alboradatixtla.com\/?p=2345\" aria-label=\"&#8220;Avanza construcci\u00f3n de segunda etapa del mercado municipal de Tixtla: supervisi\u00f3n de SDUOPOT&#8221;\"><img loading=\"lazy\" decoding=\"async\" width=\"800\" height=\"534\" src=\"https:\/\/alboradatixtla.com\/wp-content\/uploads\/2026\/04\/WhatsApp-Image-2026-04-14-at-3.54.50-PM-2-1024x683.jpeg\" class=\"attachment-large size-large wp-post-image\" alt=\"\" style=\"\" srcset=\"https:\/\/alboradatixtla.com\/wp-content\/uploads\/2026\/04\/WhatsApp-Image-2026-04-14-at-3.54.50-PM-2-1024x683.jpeg 1024w, https:\/\/alboradatixtla.com\/wp-content\/uploads\/2026\/04\/WhatsApp-Image-2026-04-14-at-3.54.50-PM-2-300x200.jpeg 300w, https:\/\/alboradatixtla.com\/wp-content\/uploads\/2026\/04\/WhatsApp-Image-2026-04-14-at-3.54.50-PM-2-768x512.jpeg 768w, https:\/\/alboradatixtla.com\/wp-content\/uploads\/2026\/04\/WhatsApp-Image-2026-04-14-at-3.54.50-PM-2.jpeg 1280w\" sizes=\"auto, (max-width: 800px) 100vw, 800px\" \/><\/a><\/div><a class=\"wp-block-latest-posts__post-title\" href=\"https:\/\/alboradatixtla.com\/?p=2345\">&#8220;Avanza construcci\u00f3n de segunda etapa del mercado municipal de Tixtla: supervisi\u00f3n de SDUOPOT&#8221;<\/a><div class=\"wp-block-latest-posts__post-excerpt\">La Secretar\u00eda de Desarrollo Urbano, Obras P\u00fablicas y Ordenamiento Territorial (SDUOPOT) supervis\u00f3 los avances en la segunda etapa del mercado municipal de Tixtla, como parte de la estrategia de infraestructura impulsada por la gobernadora Evelyn Salgado Pineda para fomentar el desarrollo econ\u00f3mico regional. La titular Irene Jim\u00e9nez Montiel, acompa\u00f1ada del subsecretario de Obras P\u00fablicas Gustavo<\/div><\/li>\n<li><div class=\"wp-block-latest-posts__featured-image\"><a href=\"https:\/\/alboradatixtla.com\/?p=1899\" aria-label=\"Detienen a hombre acusado de violaci\u00f3n agravada en Tixtla\"><img loading=\"lazy\" decoding=\"async\" width=\"800\" height=\"469\" src=\"https:\/\/alboradatixtla.com\/wp-content\/uploads\/2026\/02\/FB_IMG_1772312404936-1024x600.jpg\" class=\"attachment-large size-large wp-post-image\" alt=\"\" style=\"\" srcset=\"https:\/\/alboradatixtla.com\/wp-content\/uploads\/2026\/02\/FB_IMG_1772312404936-1024x600.jpg 1024w, https:\/\/alboradatixtla.com\/wp-content\/uploads\/2026\/02\/FB_IMG_1772312404936-300x176.jpg 300w, https:\/\/alboradatixtla.com\/wp-content\/uploads\/2026\/02\/FB_IMG_1772312404936-768x450.jpg 768w, https:\/\/alboradatixtla.com\/wp-content\/uploads\/2026\/02\/FB_IMG_1772312404936.jpg 1180w\" sizes=\"auto, (max-width: 800px) 100vw, 800px\" \/><\/a><\/div><a class=\"wp-block-latest-posts__post-title\" href=\"https:\/\/alboradatixtla.com\/?p=1899\">Detienen a hombre acusado de violaci\u00f3n agravada en Tixtla<\/a><div class=\"wp-block-latest-posts__post-excerpt\">Un hombre fue detenido por su probable responsabilidad en el delito de violaci\u00f3n agravada, cometido en perjuicio de una v\u00edctima cuya identidad fue reservada. La Fiscal\u00eda General del Estado de Guerrero inform\u00f3 que la detenci\u00f3n de Andr\u00e9s \u201cN\u201d se realiz\u00f3 en coordinaci\u00f3n con elementos de la Secretar\u00eda de la Defensa Nacional, Guardia Nacional, Secretar\u00eda de<\/div><\/li>\n<li><div class=\"wp-block-latest-posts__featured-image\"><a href=\"https:\/\/alboradatixtla.com\/?p=1903\" aria-label=\"Magistrada libera a cuatro condenados por feminicidio de Ayel\u00e9n en Tixtla y desata indignaci\u00f3n\"><img loading=\"lazy\" decoding=\"async\" width=\"800\" height=\"450\" src=\"https:\/\/alboradatixtla.com\/wp-content\/uploads\/2026\/03\/df-1024x576.webp\" class=\"attachment-large size-large wp-post-image\" alt=\"\" style=\"\" srcset=\"https:\/\/alboradatixtla.com\/wp-content\/uploads\/2026\/03\/df-1024x576.webp 1024w, https:\/\/alboradatixtla.com\/wp-content\/uploads\/2026\/03\/df-300x169.webp 300w, https:\/\/alboradatixtla.com\/wp-content\/uploads\/2026\/03\/df-768x432.webp 768w, https:\/\/alboradatixtla.com\/wp-content\/uploads\/2026\/03\/df-1536x864.webp 1536w, https:\/\/alboradatixtla.com\/wp-content\/uploads\/2026\/03\/df.webp 1599w\" sizes=\"auto, (max-width: 800px) 100vw, 800px\" \/><\/a><\/div><a class=\"wp-block-latest-posts__post-title\" href=\"https:\/\/alboradatixtla.com\/?p=1903\">Magistrada libera a cuatro condenados por feminicidio de Ayel\u00e9n en Tixtla y desata indignaci\u00f3n<\/a><div class=\"wp-block-latest-posts__post-excerpt\">\u270d\ufe0fJes\u00fas Hern\u00e1ndez. Chilpancingo, Gro., 16 de febrero de 2026.\u2014 A cinco a\u00f1os del feminicidio de la ni\u00f1a Ayel\u00edn Icza\u00e9 Guti\u00e9rrez Marcelo, de 13 a\u00f1os, en Tixtla, la magistrada Indalec\u00eda Pacheco Le\u00f3n absolvi\u00f3 a los cuatro hombres sentenciados previamente a 40 a\u00f1os de prisi\u00f3n. La decisi\u00f3n revoca la condena dictada en septiembre de 2025 por la<\/div><\/li>\n<li><div class=\"wp-block-latest-posts__featured-image\"><a href=\"https:\/\/alboradatixtla.com\/?p=1501\" aria-label=\"Padres de familia cierran jard\u00edn de ni\u00f1os en Tixtla por falta de profesores jubilados\"><img loading=\"lazy\" decoding=\"async\" width=\"800\" height=\"445\" src=\"https:\/\/alboradatixtla.com\/wp-content\/uploads\/2026\/01\/Screenshot_2-4-1024x570.png\" class=\"attachment-large size-large wp-post-image\" alt=\"\" style=\"\" srcset=\"https:\/\/alboradatixtla.com\/wp-content\/uploads\/2026\/01\/Screenshot_2-4-1024x570.png 1024w, https:\/\/alboradatixtla.com\/wp-content\/uploads\/2026\/01\/Screenshot_2-4-300x167.png 300w, https:\/\/alboradatixtla.com\/wp-content\/uploads\/2026\/01\/Screenshot_2-4-768x428.png 768w, https:\/\/alboradatixtla.com\/wp-content\/uploads\/2026\/01\/Screenshot_2-4-800x445.png 800w, https:\/\/alboradatixtla.com\/wp-content\/uploads\/2026\/01\/Screenshot_2-4.png 1144w\" sizes=\"auto, (max-width: 800px) 100vw, 800px\" \/><\/a><\/div><a class=\"wp-block-latest-posts__post-title\" href=\"https:\/\/alboradatixtla.com\/?p=1501\">Padres de familia cierran jard\u00edn de ni\u00f1os en Tixtla por falta de profesores jubilados<\/a><div class=\"wp-block-latest-posts__post-excerpt\">Por: Jes\u00fas Hern\u00e1ndez Tixtla de Guerrero, 22 de enero de 2026.- Padres de familia del Jard\u00edn de Ni\u00f1os Adolfo Cienfuegos y Camus bloquearon esta ma\u00f1ana las instalaciones de la instituci\u00f3n educativa con clave CCT 12DJN0060U, ubicada en la calle Baltazar R. Leyva Mancilla, en el barrio de San Jos\u00e9 de Tixtla. Exigen la reposici\u00f3n inmediata<\/div><\/li>\n<li><div class=\"wp-block-latest-posts__featured-image\"><a href=\"https:\/\/alboradatixtla.com\/?p=1460\" aria-label=\"Tixtla avanza en el desarrollo agr\u00edcola con nueva bodega en Acatempa\"><img loading=\"lazy\" decoding=\"async\" width=\"800\" height=\"534\" src=\"https:\/\/alboradatixtla.com\/wp-content\/uploads\/2026\/01\/collage-5-1024x683.png\" class=\"attachment-large size-large wp-post-image\" alt=\"\" style=\"\" srcset=\"https:\/\/alboradatixtla.com\/wp-content\/uploads\/2026\/01\/collage-5-1024x683.png 1024w, https:\/\/alboradatixtla.com\/wp-content\/uploads\/2026\/01\/collage-5-300x200.png 300w, https:\/\/alboradatixtla.com\/wp-content\/uploads\/2026\/01\/collage-5-768x512.png 768w, https:\/\/alboradatixtla.com\/wp-content\/uploads\/2026\/01\/collage-5-1536x1024.png 1536w, https:\/\/alboradatixtla.com\/wp-content\/uploads\/2026\/01\/collage-5-2048x1365.png 2048w\" sizes=\"auto, (max-width: 800px) 100vw, 800px\" \/><\/a><\/div><a class=\"wp-block-latest-posts__post-title\" href=\"https:\/\/alboradatixtla.com\/?p=1460\">Tixtla avanza en el desarrollo agr\u00edcola con nueva bodega en Acatempa<\/a><div class=\"wp-block-latest-posts__post-excerpt\">\u270d\ufe0f Jes\u00fas Hern\u00e1ndez Tixtla de Guerrero, 18 de enero de 2026.- Un paso significativo hacia el fortalecimiento del sector agr\u00edcola local se dio con la formalizaci\u00f3n de la entrega de una bodega en la localidad de Acatempa, gracias a la gesti\u00f3n del presidente municipal, Lic. Alberto Michi Campos, a trav\u00e9s del Programa de Fertilizantes para<\/div><\/li>\n<\/ul>","protected":false},"excerpt":{"rendered":"<div class=\"pvc_clear\"><\/div>\n<p id=\"pvc_stats_273\" class=\"pvc_stats all  \" data-element-id=\"273\" style=\"\"><i class=\"pvc-stats-icon medium\" aria-hidden=\"true\"><svg xmlns=\"http:\/\/www.w3.org\/2000\/svg\" version=\"1.0\" viewBox=\"0 0 502 315\" preserveAspectRatio=\"xMidYMid meet\"><g transform=\"translate(0,332) scale(0.1,-0.1)\" fill=\"\" stroke=\"none\"><path d=\"M2394 3279 l-29 -30 -3 -207 c-2 -182 0 -211 15 -242 39 -76 157 -76 196 0 15 31 17 60 15 243 l-3 209 -33 29 c-26 23 -41 29 -80 29 -41 0 -53 -5 -78 -31z\"\/><path d=\"M3085 3251 c-45 -19 -58 -50 -96 -229 -47 -217 -49 -260 -13 -295 52 -53 146 -42 177 20 16 31 87 366 87 410 0 70 -86 122 -155 94z\"\/><path d=\"M1751 3234 c-13 -9 -29 -31 -37 -50 -12 -29 -10 -49 21 -204 19 -94 39 -189 45 -210 14 -50 54 -80 110 -80 34 0 48 6 76 34 21 21 34 44 34 59 0 14 -18 113 -40 219 -37 178 -43 195 -70 221 -36 32 -101 37 -139 11z\"\/><path d=\"M1163 3073 c-36 -7 -73 -59 -73 -102 0 -56 133 -378 171 -413 34 -32 83 -37 129 -13 70 36 67 87 -16 290 -86 209 -89 214 -129 231 -35 14 -42 15 -82 7z\"\/><path d=\"M3689 3066 c-15 -9 -33 -30 -42 -48 -48 -103 -147 -355 -147 -375 0 -98 131 -148 192 -74 13 15 57 108 97 206 80 196 84 226 37 273 -30 30 -99 39 -137 18z\"\/><path d=\"M583 2784 c-38 -19 -67 -74 -58 -113 9 -42 211 -354 242 -373 16 -10 45 -18 66 -18 51 0 107 52 107 100 0 39 -1 41 -124 234 -80 126 -108 162 -133 173 -41 17 -61 16 -100 -3z\"\/><path d=\"M4250 2784 c-14 -9 -74 -91 -133 -183 -95 -150 -107 -173 -107 -213 0 -55 33 -94 87 -104 67 -13 90 8 211 198 130 202 137 225 78 284 -27 27 -42 34 -72 34 -22 0 -50 -8 -64 -16z\"\/><path d=\"M2275 2693 c-553 -48 -1095 -270 -1585 -649 -135 -104 -459 -423 -483 -476 -23 -49 -22 -139 2 -186 73 -142 361 -457 571 -626 285 -228 642 -407 990 -497 242 -63 336 -73 660 -74 310 0 370 5 595 52 535 111 1045 392 1455 803 122 121 250 273 275 326 19 41 19 137 0 174 -41 79 -309 363 -465 492 -447 370 -946 591 -1479 653 -113 14 -422 18 -536 8z m395 -428 c171 -34 330 -124 456 -258 112 -119 167 -219 211 -378 27 -96 24 -300 -5 -401 -72 -255 -236 -447 -474 -557 -132 -62 -201 -76 -368 -76 -167 0 -236 14 -368 76 -213 98 -373 271 -451 485 -162 444 86 934 547 1084 153 49 292 57 452 25z m909 -232 c222 -123 408 -262 593 -441 76 -74 138 -139 138 -144 0 -16 -233 -242 -330 -319 -155 -123 -309 -223 -461 -299 l-81 -41 32 46 c18 26 49 83 70 128 143 306 141 649 -6 957 -25 52 -61 116 -79 142 l-34 47 45 -20 c26 -10 76 -36 113 -56z m-2057 25 c-40 -58 -105 -190 -130 -263 -110 -324 -59 -707 132 -981 25 -35 42 -64 37 -64 -19 0 -241 119 -326 174 -188 122 -406 314 -532 468 l-58 71 108 103 c185 178 428 349 672 473 66 33 121 60 123 61 2 0 -10 -19 -26 -42z\"\/><path d=\"M2375 1950 c-198 -44 -350 -190 -395 -379 -18 -76 -8 -221 19 -290 114 -284 457 -406 731 -260 98 52 188 154 231 260 27 69 37 214 19 290 -38 163 -166 304 -326 360 -67 23 -215 33 -279 19z\"\/><\/g><\/svg><\/i> <img loading=\"lazy\" decoding=\"async\" width=\"16\" height=\"16\" alt=\"Loading\" src=\"https:\/\/alboradatixtla.com\/wp-content\/plugins\/page-views-count\/ajax-loader-2x.gif\" border=0 \/><\/p>\n<div class=\"pvc_clear\"><\/div>\n","protected":false},"author":1,"featured_media":0,"parent":0,"menu_order":0,"comment_status":"closed","ping_status":"closed","template":"","meta":{"colormag_page_container_layout":"default_layout","colormag_page_sidebar_layout":"default_layout","_monsterinsights_skip_tracking":false,"_monsterinsights_sitenote_active":false,"_monsterinsights_sitenote_note":"","_monsterinsights_sitenote_category":0,"episode_type":"","audio_file":"","cover_image":"","cover_image_id":"","duration":"","filesize":"","date_recorded":"","explicit":"","block":"","filesize_raw":"","footnotes":""},"class_list":["post-273","page","type-page","status-publish","hentry"],"_links":{"self":[{"href":"https:\/\/alboradatixtla.com\/index.php?rest_route=\/wp\/v2\/pages\/273","targetHints":{"allow":["GET"]}}],"collection":[{"href":"https:\/\/alboradatixtla.com\/index.php?rest_route=\/wp\/v2\/pages"}],"about":[{"href":"https:\/\/alboradatixtla.com\/index.php?rest_route=\/wp\/v2\/types\/page"}],"author":[{"embeddable":true,"href":"https:\/\/alboradatixtla.com\/index.php?rest_route=\/wp\/v2\/users\/1"}],"replies":[{"embeddable":true,"href":"https:\/\/alboradatixtla.com\/index.php?rest_route=%2Fwp%2Fv2%2Fcomments&post=273"}],"version-history":[{"count":16,"href":"https:\/\/alboradatixtla.com\/index.php?rest_route=\/wp\/v2\/pages\/273\/revisions"}],"predecessor-version":[{"id":1229,"href":"https:\/\/alboradatixtla.com\/index.php?rest_route=\/wp\/v2\/pages\/273\/revisions\/1229"}],"wp:attachment":[{"href":"https:\/\/alboradatixtla.com\/index.php?rest_route=%2Fwp%2Fv2%2Fmedia&parent=273"}],"curies":[{"name":"wp","href":"https:\/\/api.w.org\/{rel}","templated":true}]}}