{"id":109,"date":"2025-09-26T02:32:09","date_gmt":"2025-09-26T02:32:09","guid":{"rendered":"https:\/\/alboradatixtla.com\/?page_id=109"},"modified":"2025-12-12T00:35:47","modified_gmt":"2025-12-12T00:35:47","slug":"guerrero","status":"publish","type":"page","link":"https:\/\/alboradatixtla.com\/?page_id=109","title":{"rendered":"Guerrero"},"content":{"rendered":"<div class=\"pvc_clear\"><\/div><p id=\"pvc_stats_109\" class=\"pvc_stats all  \" data-element-id=\"109\" style=\"\"><i class=\"pvc-stats-icon medium\" aria-hidden=\"true\"><svg xmlns=\"http:\/\/www.w3.org\/2000\/svg\" version=\"1.0\" viewBox=\"0 0 502 315\" preserveAspectRatio=\"xMidYMid meet\"><g transform=\"translate(0,332) scale(0.1,-0.1)\" fill=\"\" stroke=\"none\"><path d=\"M2394 3279 l-29 -30 -3 -207 c-2 -182 0 -211 15 -242 39 -76 157 -76 196 0 15 31 17 60 15 243 l-3 209 -33 29 c-26 23 -41 29 -80 29 -41 0 -53 -5 -78 -31z\"\/><path d=\"M3085 3251 c-45 -19 -58 -50 -96 -229 -47 -217 -49 -260 -13 -295 52 -53 146 -42 177 20 16 31 87 366 87 410 0 70 -86 122 -155 94z\"\/><path d=\"M1751 3234 c-13 -9 -29 -31 -37 -50 -12 -29 -10 -49 21 -204 19 -94 39 -189 45 -210 14 -50 54 -80 110 -80 34 0 48 6 76 34 21 21 34 44 34 59 0 14 -18 113 -40 219 -37 178 -43 195 -70 221 -36 32 -101 37 -139 11z\"\/><path d=\"M1163 3073 c-36 -7 -73 -59 -73 -102 0 -56 133 -378 171 -413 34 -32 83 -37 129 -13 70 36 67 87 -16 290 -86 209 -89 214 -129 231 -35 14 -42 15 -82 7z\"\/><path d=\"M3689 3066 c-15 -9 -33 -30 -42 -48 -48 -103 -147 -355 -147 -375 0 -98 131 -148 192 -74 13 15 57 108 97 206 80 196 84 226 37 273 -30 30 -99 39 -137 18z\"\/><path d=\"M583 2784 c-38 -19 -67 -74 -58 -113 9 -42 211 -354 242 -373 16 -10 45 -18 66 -18 51 0 107 52 107 100 0 39 -1 41 -124 234 -80 126 -108 162 -133 173 -41 17 -61 16 -100 -3z\"\/><path d=\"M4250 2784 c-14 -9 -74 -91 -133 -183 -95 -150 -107 -173 -107 -213 0 -55 33 -94 87 -104 67 -13 90 8 211 198 130 202 137 225 78 284 -27 27 -42 34 -72 34 -22 0 -50 -8 -64 -16z\"\/><path d=\"M2275 2693 c-553 -48 -1095 -270 -1585 -649 -135 -104 -459 -423 -483 -476 -23 -49 -22 -139 2 -186 73 -142 361 -457 571 -626 285 -228 642 -407 990 -497 242 -63 336 -73 660 -74 310 0 370 5 595 52 535 111 1045 392 1455 803 122 121 250 273 275 326 19 41 19 137 0 174 -41 79 -309 363 -465 492 -447 370 -946 591 -1479 653 -113 14 -422 18 -536 8z m395 -428 c171 -34 330 -124 456 -258 112 -119 167 -219 211 -378 27 -96 24 -300 -5 -401 -72 -255 -236 -447 -474 -557 -132 -62 -201 -76 -368 -76 -167 0 -236 14 -368 76 -213 98 -373 271 -451 485 -162 444 86 934 547 1084 153 49 292 57 452 25z m909 -232 c222 -123 408 -262 593 -441 76 -74 138 -139 138 -144 0 -16 -233 -242 -330 -319 -155 -123 -309 -223 -461 -299 l-81 -41 32 46 c18 26 49 83 70 128 143 306 141 649 -6 957 -25 52 -61 116 -79 142 l-34 47 45 -20 c26 -10 76 -36 113 -56z m-2057 25 c-40 -58 -105 -190 -130 -263 -110 -324 -59 -707 132 -981 25 -35 42 -64 37 -64 -19 0 -241 119 -326 174 -188 122 -406 314 -532 468 l-58 71 108 103 c185 178 428 349 672 473 66 33 121 60 123 61 2 0 -10 -19 -26 -42z\"\/><path d=\"M2375 1950 c-198 -44 -350 -190 -395 -379 -18 -76 -8 -221 19 -290 114 -284 457 -406 731 -260 98 52 188 154 231 260 27 69 37 214 19 290 -38 163 -166 304 -326 360 -67 23 -215 33 -279 19z\"\/><\/g><\/svg><\/i> <img loading=\"lazy\" decoding=\"async\" width=\"16\" height=\"16\" alt=\"Loading\" src=\"https:\/\/alboradatixtla.com\/wp-content\/plugins\/page-views-count\/ajax-loader-2x.gif\" border=0 \/><\/p><div class=\"pvc_clear\"><\/div><div id=\"4009652195\" class=\"castos-player dark-mode \" tabindex=\"0\" data-episode=\"109\" data-player_id=\"4009652195\">\n\t<div class=\"player\">\n\t\t<div class=\"player__main\">\n\t\t\t<div class=\"player__artwork player__artwork-109\">\n\t\t\t\t<img decoding=\"async\" src=\"https:\/\/alboradatixtla.com\/wp-content\/uploads\/2025\/09\/logo-radio-web-150x150.png\"\n\t\t\t\t\t alt=\"Radio Alborada Tixtla\"\n\t\t\t\t\t title=\"Radio Alborada Tixtla\">\n\t\t\t<\/div>\n\t\t\t<div class=\"player__body\">\n\t\t\t\t<div class=\"currently-playing\">\n\t\t\t\t\t<div class=\"show player__podcast-title\">\n\t\t\t\t\t\tRadio Alborada Tixtla\t\t\t\t\t<\/div>\n\t\t\t\t\t<div class=\"episode-title player__episode-title\">Guerrero<\/div>\n\t\t\t\t<\/div>\n\t\t\t\t<div class=\"play-progress\">\n\t\t\t\t\t<div class=\"play-pause-controls\">\n\t\t\t\t\t\t<button title=\"Play\" aria-label=\"Play Episode\" aria-pressed=\"false\" class=\"play-btn\">\n\t\t\t\t\t\t\t<span class=\"screen-reader-text\">Play Episode<\/span>\n\t\t\t\t\t\t<\/button>\n\t\t\t\t\t\t<button title=\"Pause\" aria-label=\"Pause Episode\" aria-pressed=\"false\" class=\"pause-btn hide\">\n\t\t\t\t\t\t\t<span class=\"screen-reader-text\">Pause Episode<\/span>\n\t\t\t\t\t\t<\/button>\n\t\t\t\t\t\t<img decoding=\"async\" src=\"https:\/\/alboradatixtla.com\/wp-content\/plugins\/seriously-simple-podcasting\/assets\/css\/images\/player\/images\/icon-loader.svg\" alt=\"Loading\" class=\"ssp-loader hide\"\/>\n\t\t\t\t\t<\/div>\n\t\t\t\t\t<div>\n\t\t\t\t\t\t<audio preload=\"none\" class=\"clip clip-109\">\n\t\t\t\t\t\t\t<source src=\"https:\/\/stream.zeno.fm\/uufpewzmafjvv\">\n\t\t\t\t\t\t<\/audio>\n\t\t\t\t\t\t<div class=\"ssp-progress\" role=\"progressbar\" title=\"Seek\" aria-valuenow=\"0\" aria-valuemin=\"0\" aria-valuemax=\"0\">\n\t\t\t\t\t\t\t<span class=\"progress__filled\"><\/span>\n\t\t\t\t\t\t<\/div>\n\t\t\t\t\t\t<div class=\"ssp-playback playback\">\n\t\t\t\t\t\t\t<div class=\"playback__controls\">\n\t\t\t\t\t\t\t\t<button class=\"player-btn player-btn__volume\" title=\"Mute\/Unmute\">\n\t\t\t\t\t\t\t\t\t<span class=\"screen-reader-text\">Mute\/Unmute Episode<\/span>\n\t\t\t\t\t\t\t\t<\/button>\n\t\t\t\t\t\t\t\t<button data-skip=\"-10\" class=\"player-btn player-btn__rwd\" title=\"Rewind 10 seconds\">\n\t\t\t\t\t\t\t\t\t<span class=\"screen-reader-text\">Rewind 10 Seconds<\/span>\n\t\t\t\t\t\t\t\t<\/button>\n\t\t\t\t\t\t\t\t<button data-speed=\"1\" class=\"player-btn player-btn__speed\" title=\"Playback Speed\" aria-label=\"Playback Speed\">1x<\/button>\n\t\t\t\t\t\t\t\t<button data-skip=\"30\" class=\"player-btn player-btn__fwd\" title=\"Fast Forward 30 seconds\">\n\t\t\t\t\t\t\t\t\t<span class=\"screen-reader-text\">Fast Forward 30 seconds<\/span>\n\t\t\t\t\t\t\t\t<\/button>\n\t\t\t\t\t\t\t<\/div>\n\t\t\t\t\t\t\t<div class=\"playback__timers\">\n\t\t\t\t\t\t\t\t<time class=\"ssp-timer\">00:00<\/time>\n\t\t\t\t\t\t\t\t<span>\/<\/span>\n\t\t\t\t\t\t\t\t<!-- We need actual duration here from the server -->\n\t\t\t\t\t\t\t\t<time class=\"ssp-duration\" datetime=\"PT0H0M0S\"><\/time>\n\t\t\t\t\t\t\t<\/div>\n\t\t\t\t\t\t<\/div>\n\t\t\t\t\t<\/div>\n\t\t\t\t<\/div>\n\t\t\t\t\t\t\t\t\t<nav class=\"player-panels-nav\">\n\t\t\t\t\t\t\t\t\t\t\t\t\t<button class=\"subscribe-btn\" id=\"subscribe-btn-109\" title=\"Subscribe\">Subscribe<\/button>\n\t\t\t\t\t\t\t\t\t\t\t\t\t\t\t\t\t\t\t<button class=\"share-btn\" id=\"share-btn-109\" title=\"Share\">Share<\/button>\n\t\t\t\t\t\t\t\t\t\t\t<\/nav>\n\t\t\t\t\t\t\t<\/div>\n\t\t<\/div>\n\t<\/div>\n\t\t\t<div class=\"player-panels player-panels-109\">\n\t\t\t\t\t\t\t<div class=\"subscribe player-panel subscribe-109\">\n\t\t\t\t\t<div class=\"close-btn close-btn-109\">\n\t\t\t\t\t\t<span><\/span>\n\t\t\t\t\t\t<span><\/span>\n\t\t\t\t\t<\/div>\n\t\t\t\t\t<div class=\"panel__inner\">\n\t\t\t\t\t\t<div class=\"subscribe-icons\">\n\t\t\t\t\t\t\t\t\t\t\t\t\t\t\t\t\t\t\t\t\t\t\t\t\t\t\t\t<\/div>\n\t\t\t\t\t\t<div class=\"player-panel-row\" aria-label=\"RSS Feed URL\">\n\t\t\t\t\t\t\t<div class=\"title\">RSS Feed<\/div>\n\t\t\t\t\t\t\t<div>\n\t\t\t\t\t\t\t\t<input value=\"https:\/\/alboradatixtla.com\/?feed=podcast&amp;podcast_series=radio-alborada-tixtla\" class=\"input-rss input-rss-109\" title=\"RSS Feed URL\" readonly \/>\n\t\t\t\t\t\t\t<\/div>\n\t\t\t\t\t\t\t<button class=\"copy-rss copy-rss-109\" title=\"Copy RSS Feed URL\" aria-label=\"Copy RSS Feed URL\"><\/button>\n\t\t\t\t\t\t<\/div>\n\t\t\t\t\t<\/div>\n\t\t\t\t<\/div>\n\t\t\t\t\t\t\t\t\t\t<div class=\"share share-109 player-panel\">\n\t\t\t\t\t<div class=\"close-btn close-btn-109\">\n\t\t\t\t\t\t<span><\/span>\n\t\t\t\t\t\t<span><\/span>\n\t\t\t\t\t<\/div>\n\t\t\t\t\t<div class=\"player-panel-row\">\n\t\t\t\t\t\t<div class=\"title\">\n\t\t\t\t\t\t\tShare\t\t\t\t\t\t<\/div>\n\t\t\t\t\t\t<div class=\"icons-holder\">\n\t\t\t\t\t\t\t<a href=\"https:\/\/www.facebook.com\/sharer\/sharer.php?u=https:\/\/alboradatixtla.com\/?post_type=page&amp;p=109&#038;t=Guerrero\"\n\t\t\t\t\t\t\t   target=\"_blank\" rel=\"noopener noreferrer\" class=\"share-icon facebook\" title=\"Share on Facebook\">\n\t\t\t\t\t\t\t\t<span><\/span>\n\t\t\t\t\t\t\t<\/a>\n\t\t\t\t\t\t\t<a href=\"https:\/\/twitter.com\/intent\/tweet?text=https:\/\/alboradatixtla.com\/?post_type=page&amp;p=109&#038;url=Guerrero\"\n\t\t\t\t\t\t\t   target=\"_blank\" rel=\"noopener noreferrer\" class=\"share-icon twitter\" title=\"Share on Twitter\">\n\t\t\t\t\t\t\t\t<span><\/span>\n\t\t\t\t\t\t\t<\/a>\n\t\t\t\t\t\t\t<a href=\"https:\/\/stream.zeno.fm\/uufpewzmafjvv\"\n\t\t\t\t\t\t\t   target=\"_blank\" rel=\"noopener noreferrer\" class=\"share-icon download\" title=\"Download\" download>\n\t\t\t\t\t\t\t\t<span><\/span>\n\t\t\t\t\t\t\t<\/a>\n\t\t\t\t\t\t<\/div>\n\t\t\t\t\t<\/div>\n\t\t\t\t\t<div class=\"player-panel-row\">\n\t\t\t\t\t\t<div class=\"title\">\n\t\t\t\t\t\t\tLink\t\t\t\t\t\t<\/div>\n\t\t\t\t\t\t<div>\n\t\t\t\t\t\t\t<input value=\"https:\/\/alboradatixtla.com\/?post_type=page&#038;p=109\" class=\"input-link input-link-109\" title=\"Episode URL\" readonly \/>\n\t\t\t\t\t\t<\/div>\n\t\t\t\t\t\t<button class=\"copy-link copy-link-109\" title=\"Copy Episode URL\" aria-label=\"Copy Episode URL\" readonly=\"\"><\/button>\n\t\t\t\t\t<\/div>\n\t\t\t\t\t<div class=\"player-panel-row\">\n\t\t\t\t\t\t<div class=\"title\">\n\t\t\t\t\t\t\tEmbed\t\t\t\t\t\t<\/div>\n\t\t\t\t\t\t<div style=\"height: 10px;\">\n\t\t\t\t\t\t\t<input type=\"text\" value='&lt;blockquote class=&quot;wp-embedded-content&quot; data-secret=&quot;8Z5SpKmchg&quot;&gt;&lt;a href=&quot;https:\/\/alboradatixtla.com\/?page_id=109&quot;&gt;Guerrero&lt;\/a&gt;&lt;\/blockquote&gt;&lt;iframe sandbox=&quot;allow-scripts&quot; security=&quot;restricted&quot; src=&quot;https:\/\/alboradatixtla.com\/?page_id=109&#038;embed=true#?secret=8Z5SpKmchg&quot; width=&quot;500&quot; height=&quot;350&quot; title=&quot;&#8220;Guerrero&#8221; &#8212; Alborada Tixtla&quot; data-secret=&quot;8Z5SpKmchg&quot; frameborder=&quot;0&quot; marginwidth=&quot;0&quot; marginheight=&quot;0&quot; scrolling=&quot;no&quot; class=&quot;wp-embedded-content&quot;&gt;&lt;\/iframe&gt;&lt;script type=&quot;text\/javascript&quot;&gt;\n\/* &lt;![CDATA[ *\/\n\/*! This file is auto-generated *\/\n!function(d,l){&quot;use strict&quot;;l.querySelector&amp;&amp;d.addEventListener&amp;&amp;&quot;undefined&quot;!=typeof URL&amp;&amp;(d.wp=d.wp||{},d.wp.receiveEmbedMessage||(d.wp.receiveEmbedMessage=function(e){var t=e.data;if((t||t.secret||t.message||t.value)&amp;&amp;!\/[^a-zA-Z0-9]\/.test(t.secret)){for(var s,r,n,a=l.querySelectorAll(&#039;iframe[data-secret=&quot;&#039;+t.secret+&#039;&quot;]&#039;),o=l.querySelectorAll(&#039;blockquote[data-secret=&quot;&#039;+t.secret+&#039;&quot;]&#039;),c=new RegExp(&quot;^https?:$&quot;,&quot;i&quot;),i=0;i&lt;o.length;i++)o[i].style.display=&quot;none&quot;;for(i=0;i&lt;a.length;i++)s=a[i],e.source===s.contentWindow&amp;&amp;(s.removeAttribute(&quot;style&quot;),&quot;height&quot;===t.message?(1e3&lt;(r=parseInt(t.value,10))?r=1e3:~~r&lt;200&amp;&amp;(r=200),s.height=r):&quot;link&quot;===t.message&amp;&amp;(r=new URL(s.getAttribute(&quot;src&quot;)),n=new URL(t.value),c.test(n.protocol))&amp;&amp;n.host===r.host&amp;&amp;l.activeElement===s&amp;&amp;(d.top.location.href=t.value))}},d.addEventListener(&quot;message&quot;,d.wp.receiveEmbedMessage,!1),l.addEventListener(&quot;DOMContentLoaded&quot;,function(){for(var e,t,s=l.querySelectorAll(&quot;iframe.wp-embedded-content&quot;),r=0;r&lt;s.length;r++)(t=(e=s[r]).getAttribute(&quot;data-secret&quot;))||(t=Math.random().toString(36).substring(2,12),e.src+=&quot;#?secret=&quot;+t,e.setAttribute(&quot;data-secret&quot;,t)),e.contentWindow.postMessage({message:&quot;ready&quot;,secret:t},&quot;*&quot;)},!1)))}(window,document);\n\/\/# sourceURL=https:\/\/alboradatixtla.com\/wp-includes\/js\/wp-embed.min.js\n\/* ]]&gt; *\/\n&lt;\/script&gt;\n'\n\t\t\t\t\t\t\t\t   title=\"Embed Code\"\n\t\t\t\t\t\t\t\t   class=\"input-embed input-embed-109\" readonly\/>\n\t\t\t\t\t\t<\/div>\n\t\t\t\t\t\t<button class=\"copy-embed copy-embed-109\" title=\"Copy Embed Code\" aria-label=\"Copy Embed Code\"><\/button>\n\t\t\t\t\t<\/div>\n\t\t\t\t<\/div>\n\t\t\t\t\t<\/div>\n\t\n\t\n\n\t<\/div>\n\n\n\n<hr class=\"wp-block-separator has-text-color has-alpha-channel-opacity has-background\" style=\"background-color:#070707;color:#070707\"\/>\n\n\n<ul class=\"wp-block-latest-posts__list wp-block-latest-posts\"><li><div class=\"wp-block-latest-posts__featured-image\"><a href=\"https:\/\/alboradatixtla.com\/?p=2426\" aria-label=\"PROPONE DIPUTADA ASEGURAR AUTENTICIDAD EN CANDIDATURAS IND\u00cdGENAS\"><img loading=\"lazy\" decoding=\"async\" width=\"800\" height=\"533\" src=\"https:\/\/alboradatixtla.com\/wp-content\/uploads\/2026\/04\/batch_WhatsApp-Image-2026-04-20-at-7.23.26-PM-1024x682.jpeg\" class=\"attachment-large size-large wp-post-image\" alt=\"\" style=\"\" srcset=\"https:\/\/alboradatixtla.com\/wp-content\/uploads\/2026\/04\/batch_WhatsApp-Image-2026-04-20-at-7.23.26-PM-1024x682.jpeg 1024w, https:\/\/alboradatixtla.com\/wp-content\/uploads\/2026\/04\/batch_WhatsApp-Image-2026-04-20-at-7.23.26-PM-300x200.jpeg 300w, https:\/\/alboradatixtla.com\/wp-content\/uploads\/2026\/04\/batch_WhatsApp-Image-2026-04-20-at-7.23.26-PM-768x512.jpeg 768w, https:\/\/alboradatixtla.com\/wp-content\/uploads\/2026\/04\/batch_WhatsApp-Image-2026-04-20-at-7.23.26-PM.jpeg 1280w\" sizes=\"auto, (max-width: 800px) 100vw, 800px\" \/><\/a><\/div><a class=\"wp-block-latest-posts__post-title\" href=\"https:\/\/alboradatixtla.com\/?p=2426\">PROPONE DIPUTADA ASEGURAR AUTENTICIDAD EN CANDIDATURAS IND\u00cdGENAS<\/a><div class=\"wp-block-latest-posts__post-excerpt\">Chilpancingo, Gro., 20 de abril de 2026.\u2013 La diputada Leticia Mosso Hern\u00e1ndez propuso reformas a la Ley de Instituciones y Procedimientos Electorales del Estado de Guerrero, con el objetivo de garantizar que las candidaturas ind\u00edgenas y afromexicanas se asignen mediante autoadscripci\u00f3n calificada, asegurando que sus representantes pertenezcan realmente a sus comunidades y protegiendo as\u00ed sus<\/div><\/li>\n<li><div class=\"wp-block-latest-posts__featured-image\"><a href=\"https:\/\/alboradatixtla.com\/?p=2423\" aria-label=\"&#8220;Gobierno de Guerrero da seguimiento al di\u00e1logo con el CECyTEG&#8221;\"><img loading=\"lazy\" decoding=\"async\" width=\"800\" height=\"534\" src=\"https:\/\/alboradatixtla.com\/wp-content\/uploads\/2026\/04\/batch_WhatsApp-Image-2026-04-20-at-6.44.14-PM-1024x683.jpeg\" class=\"attachment-large size-large wp-post-image\" alt=\"\" style=\"\" srcset=\"https:\/\/alboradatixtla.com\/wp-content\/uploads\/2026\/04\/batch_WhatsApp-Image-2026-04-20-at-6.44.14-PM-1024x683.jpeg 1024w, https:\/\/alboradatixtla.com\/wp-content\/uploads\/2026\/04\/batch_WhatsApp-Image-2026-04-20-at-6.44.14-PM-300x200.jpeg 300w, https:\/\/alboradatixtla.com\/wp-content\/uploads\/2026\/04\/batch_WhatsApp-Image-2026-04-20-at-6.44.14-PM-768x512.jpeg 768w, https:\/\/alboradatixtla.com\/wp-content\/uploads\/2026\/04\/batch_WhatsApp-Image-2026-04-20-at-6.44.14-PM.jpeg 1280w\" sizes=\"auto, (max-width: 800px) 100vw, 800px\" \/><\/a><\/div><a class=\"wp-block-latest-posts__post-title\" href=\"https:\/\/alboradatixtla.com\/?p=2423\">&#8220;Gobierno de Guerrero da seguimiento al di\u00e1logo con el CECyTEG&#8221;<\/a><div class=\"wp-block-latest-posts__post-excerpt\">Con el objetivo de atender de manera directa las inquietudes del sector educativo, el subsecretario de Desarrollo Pol\u00edtico y Social, Francisco Rodr\u00edguez Cisneros, encabez\u00f3 una reuni\u00f3n de trabajo con integrantes del Sindicato Democr\u00e1tico del Colegio de Estudios Cient\u00edficos y Tecnol\u00f3gicos del Estado de Guerrero &#8211; Educaci\u00f3n Media Superior a Distancia (SDCECyTEG-EMSaD). Rodr\u00edguez Cisneros, destac\u00f3 que<\/div><\/li>\n<li><div class=\"wp-block-latest-posts__featured-image\"><a href=\"https:\/\/alboradatixtla.com\/?p=2420\" aria-label=\"Evelyn Salgado y Eduardo de Ag\u00fcero dan arranque en Guerrero a la Colecta Anual 2026 de la Cruz Roja Mexicana\"><img loading=\"lazy\" decoding=\"async\" width=\"800\" height=\"456\" src=\"https:\/\/alboradatixtla.com\/wp-content\/uploads\/2026\/04\/collage-3-1024x584.png\" class=\"attachment-large size-large wp-post-image\" alt=\"\" style=\"\" srcset=\"https:\/\/alboradatixtla.com\/wp-content\/uploads\/2026\/04\/collage-3-1024x584.png 1024w, https:\/\/alboradatixtla.com\/wp-content\/uploads\/2026\/04\/collage-3-300x171.png 300w, https:\/\/alboradatixtla.com\/wp-content\/uploads\/2026\/04\/collage-3-768x438.png 768w, https:\/\/alboradatixtla.com\/wp-content\/uploads\/2026\/04\/collage-3-1536x877.png 1536w, https:\/\/alboradatixtla.com\/wp-content\/uploads\/2026\/04\/collage-3-2048x1169.png 2048w\" sizes=\"auto, (max-width: 800px) 100vw, 800px\" \/><\/a><\/div><a class=\"wp-block-latest-posts__post-title\" href=\"https:\/\/alboradatixtla.com\/?p=2420\">Evelyn Salgado y Eduardo de Ag\u00fcero dan arranque en Guerrero a la Colecta Anual 2026 de la Cruz Roja Mexicana<\/a><div class=\"wp-block-latest-posts__post-excerpt\">La gobernadora Evelyn Salgado Pineda encabez\u00f3 el arranque en Guerrero de la Colecta Anual 2026 de la Cruz Roja Mexicana, acompa\u00f1ada por el presidente nacional de la instituci\u00f3n, Eduardo de Ag\u00fcero Le Duc, y la presidenta del DIF estatal, Liz Salgado Pineda. Durante el evento, la mandataria estatal convoc\u00f3 a la poblaci\u00f3n a sumarse a<\/div><\/li>\n<li><div class=\"wp-block-latest-posts__featured-image\"><a href=\"https:\/\/alboradatixtla.com\/?p=2429\" aria-label=\"PROPONE DIPUTADO GARANTIZAR REPRESENTACI\u00d3N IND\u00cdGENA EN LA JUCOPO Y LA MESA DIRECTIVA DEL CONGRESO\"><img loading=\"lazy\" decoding=\"async\" width=\"800\" height=\"533\" src=\"https:\/\/alboradatixtla.com\/wp-content\/uploads\/2026\/04\/batch_WhatsApp-Image-2026-04-20-at-4.49.35-PM-1024x682.jpeg\" class=\"attachment-large size-large wp-post-image\" alt=\"\" style=\"\" srcset=\"https:\/\/alboradatixtla.com\/wp-content\/uploads\/2026\/04\/batch_WhatsApp-Image-2026-04-20-at-4.49.35-PM-1024x682.jpeg 1024w, https:\/\/alboradatixtla.com\/wp-content\/uploads\/2026\/04\/batch_WhatsApp-Image-2026-04-20-at-4.49.35-PM-300x200.jpeg 300w, https:\/\/alboradatixtla.com\/wp-content\/uploads\/2026\/04\/batch_WhatsApp-Image-2026-04-20-at-4.49.35-PM-768x512.jpeg 768w, https:\/\/alboradatixtla.com\/wp-content\/uploads\/2026\/04\/batch_WhatsApp-Image-2026-04-20-at-4.49.35-PM.jpeg 1280w\" sizes=\"auto, (max-width: 800px) 100vw, 800px\" \/><\/a><\/div><a class=\"wp-block-latest-posts__post-title\" href=\"https:\/\/alboradatixtla.com\/?p=2429\">PROPONE DIPUTADO GARANTIZAR REPRESENTACI\u00d3N IND\u00cdGENA EN LA JUCOPO Y LA MESA DIRECTIVA DEL CONGRESO<\/a><div class=\"wp-block-latest-posts__post-excerpt\">El diputado Arist\u00f3teles Tito Arroyo propuso reformar y adicionar diversas disposiciones de la Ley Org\u00e1nica del Poder Legislativo del Estado de Guerrero, con el prop\u00f3sito de garantizar la representatividad ind\u00edgena en los \u00f3rganos de administraci\u00f3n y representaci\u00f3n del Congreso del Estado, asegurando que los pueblos originarios ocupen espacios de toma de decisiones en la Mesa<\/div><\/li>\n<li><div class=\"wp-block-latest-posts__featured-image\"><a href=\"https:\/\/alboradatixtla.com\/?p=2432\" aria-label=\"PROPONE DIPUTADA INCLUIR EN LA LEY CEREMONIA DEL D\u00cdA DE LA BANDERA PARA GARANTIZAR SU REALIZACI\u00d3N\"><img loading=\"lazy\" decoding=\"async\" width=\"800\" height=\"533\" src=\"https:\/\/alboradatixtla.com\/wp-content\/uploads\/2026\/04\/batch_WhatsApp-Image-2026-04-20-at-4.47.37-PM-1024x682.jpeg\" class=\"attachment-large size-large wp-post-image\" alt=\"\" style=\"\" srcset=\"https:\/\/alboradatixtla.com\/wp-content\/uploads\/2026\/04\/batch_WhatsApp-Image-2026-04-20-at-4.47.37-PM-1024x682.jpeg 1024w, https:\/\/alboradatixtla.com\/wp-content\/uploads\/2026\/04\/batch_WhatsApp-Image-2026-04-20-at-4.47.37-PM-300x200.jpeg 300w, https:\/\/alboradatixtla.com\/wp-content\/uploads\/2026\/04\/batch_WhatsApp-Image-2026-04-20-at-4.47.37-PM-768x512.jpeg 768w, https:\/\/alboradatixtla.com\/wp-content\/uploads\/2026\/04\/batch_WhatsApp-Image-2026-04-20-at-4.47.37-PM.jpeg 1280w\" sizes=\"auto, (max-width: 800px) 100vw, 800px\" \/><\/a><\/div><a class=\"wp-block-latest-posts__post-title\" href=\"https:\/\/alboradatixtla.com\/?p=2432\">PROPONE DIPUTADA INCLUIR EN LA LEY CEREMONIA DEL D\u00cdA DE LA BANDERA PARA GARANTIZAR SU REALIZACI\u00d3N<\/a><div class=\"wp-block-latest-posts__post-excerpt\">Para establecer la obligatoriedad de realizar la ceremonia oficial del D\u00eda de la Bandera en Iguala, Guerrero \u2014por su car\u00e1cter hist\u00f3rico como cuna del l\u00e1baro patrio y como parte del fortalecimiento de la identidad nacional\u2014, la Comisi\u00f3n de Cultura del Congreso del Estado analiza adiciones a la Ley sobre el Escudo, la Bandera y el<\/div><\/li>\n<\/ul>","protected":false},"excerpt":{"rendered":"<div class=\"pvc_clear\"><\/div>\n<p id=\"pvc_stats_109\" class=\"pvc_stats all  \" data-element-id=\"109\" style=\"\"><i class=\"pvc-stats-icon medium\" aria-hidden=\"true\"><svg xmlns=\"http:\/\/www.w3.org\/2000\/svg\" version=\"1.0\" viewBox=\"0 0 502 315\" preserveAspectRatio=\"xMidYMid meet\"><g transform=\"translate(0,332) scale(0.1,-0.1)\" fill=\"\" stroke=\"none\"><path d=\"M2394 3279 l-29 -30 -3 -207 c-2 -182 0 -211 15 -242 39 -76 157 -76 196 0 15 31 17 60 15 243 l-3 209 -33 29 c-26 23 -41 29 -80 29 -41 0 -53 -5 -78 -31z\"\/><path d=\"M3085 3251 c-45 -19 -58 -50 -96 -229 -47 -217 -49 -260 -13 -295 52 -53 146 -42 177 20 16 31 87 366 87 410 0 70 -86 122 -155 94z\"\/><path d=\"M1751 3234 c-13 -9 -29 -31 -37 -50 -12 -29 -10 -49 21 -204 19 -94 39 -189 45 -210 14 -50 54 -80 110 -80 34 0 48 6 76 34 21 21 34 44 34 59 0 14 -18 113 -40 219 -37 178 -43 195 -70 221 -36 32 -101 37 -139 11z\"\/><path d=\"M1163 3073 c-36 -7 -73 -59 -73 -102 0 -56 133 -378 171 -413 34 -32 83 -37 129 -13 70 36 67 87 -16 290 -86 209 -89 214 -129 231 -35 14 -42 15 -82 7z\"\/><path d=\"M3689 3066 c-15 -9 -33 -30 -42 -48 -48 -103 -147 -355 -147 -375 0 -98 131 -148 192 -74 13 15 57 108 97 206 80 196 84 226 37 273 -30 30 -99 39 -137 18z\"\/><path d=\"M583 2784 c-38 -19 -67 -74 -58 -113 9 -42 211 -354 242 -373 16 -10 45 -18 66 -18 51 0 107 52 107 100 0 39 -1 41 -124 234 -80 126 -108 162 -133 173 -41 17 -61 16 -100 -3z\"\/><path d=\"M4250 2784 c-14 -9 -74 -91 -133 -183 -95 -150 -107 -173 -107 -213 0 -55 33 -94 87 -104 67 -13 90 8 211 198 130 202 137 225 78 284 -27 27 -42 34 -72 34 -22 0 -50 -8 -64 -16z\"\/><path d=\"M2275 2693 c-553 -48 -1095 -270 -1585 -649 -135 -104 -459 -423 -483 -476 -23 -49 -22 -139 2 -186 73 -142 361 -457 571 -626 285 -228 642 -407 990 -497 242 -63 336 -73 660 -74 310 0 370 5 595 52 535 111 1045 392 1455 803 122 121 250 273 275 326 19 41 19 137 0 174 -41 79 -309 363 -465 492 -447 370 -946 591 -1479 653 -113 14 -422 18 -536 8z m395 -428 c171 -34 330 -124 456 -258 112 -119 167 -219 211 -378 27 -96 24 -300 -5 -401 -72 -255 -236 -447 -474 -557 -132 -62 -201 -76 -368 -76 -167 0 -236 14 -368 76 -213 98 -373 271 -451 485 -162 444 86 934 547 1084 153 49 292 57 452 25z m909 -232 c222 -123 408 -262 593 -441 76 -74 138 -139 138 -144 0 -16 -233 -242 -330 -319 -155 -123 -309 -223 -461 -299 l-81 -41 32 46 c18 26 49 83 70 128 143 306 141 649 -6 957 -25 52 -61 116 -79 142 l-34 47 45 -20 c26 -10 76 -36 113 -56z m-2057 25 c-40 -58 -105 -190 -130 -263 -110 -324 -59 -707 132 -981 25 -35 42 -64 37 -64 -19 0 -241 119 -326 174 -188 122 -406 314 -532 468 l-58 71 108 103 c185 178 428 349 672 473 66 33 121 60 123 61 2 0 -10 -19 -26 -42z\"\/><path d=\"M2375 1950 c-198 -44 -350 -190 -395 -379 -18 -76 -8 -221 19 -290 114 -284 457 -406 731 -260 98 52 188 154 231 260 27 69 37 214 19 290 -38 163 -166 304 -326 360 -67 23 -215 33 -279 19z\"\/><\/g><\/svg><\/i> <img loading=\"lazy\" decoding=\"async\" width=\"16\" height=\"16\" alt=\"Loading\" src=\"https:\/\/alboradatixtla.com\/wp-content\/plugins\/page-views-count\/ajax-loader-2x.gif\" border=0 \/><\/p>\n<div class=\"pvc_clear\"><\/div>\n","protected":false},"author":1,"featured_media":0,"parent":0,"menu_order":0,"comment_status":"closed","ping_status":"closed","template":"","meta":{"colormag_page_container_layout":"default_layout","colormag_page_sidebar_layout":"default_layout","_monsterinsights_skip_tracking":false,"_monsterinsights_sitenote_active":false,"_monsterinsights_sitenote_note":"","_monsterinsights_sitenote_category":0,"episode_type":"","audio_file":"","cover_image":"","cover_image_id":"","duration":"","filesize":"","date_recorded":"","explicit":"","block":"","filesize_raw":"","footnotes":""},"class_list":["post-109","page","type-page","status-publish","hentry"],"a3_pvc":{"activated":true,"total_views":52,"today_views":0},"_links":{"self":[{"href":"https:\/\/alboradatixtla.com\/index.php?rest_route=\/wp\/v2\/pages\/109","targetHints":{"allow":["GET"]}}],"collection":[{"href":"https:\/\/alboradatixtla.com\/index.php?rest_route=\/wp\/v2\/pages"}],"about":[{"href":"https:\/\/alboradatixtla.com\/index.php?rest_route=\/wp\/v2\/types\/page"}],"author":[{"embeddable":true,"href":"https:\/\/alboradatixtla.com\/index.php?rest_route=\/wp\/v2\/users\/1"}],"replies":[{"embeddable":true,"href":"https:\/\/alboradatixtla.com\/index.php?rest_route=%2Fwp%2Fv2%2Fcomments&post=109"}],"version-history":[{"count":5,"href":"https:\/\/alboradatixtla.com\/index.php?rest_route=\/wp\/v2\/pages\/109\/revisions"}],"predecessor-version":[{"id":1233,"href":"https:\/\/alboradatixtla.com\/index.php?rest_route=\/wp\/v2\/pages\/109\/revisions\/1233"}],"wp:attachment":[{"href":"https:\/\/alboradatixtla.com\/index.php?rest_route=%2Fwp%2Fv2%2Fmedia&parent=109"}],"curies":[{"name":"wp","href":"https:\/\/api.w.org\/{rel}","templated":true}]}}